{"id":5903,"date":"2021-08-05T08:34:08","date_gmt":"2021-08-05T08:34:08","guid":{"rendered":"https:\/\/medicinski-center.si\/?page_id=5903"},"modified":"2021-11-26T09:16:26","modified_gmt":"2021-11-26T09:16:26","slug":"uroginekoloska-ambulanta","status":"publish","type":"page","link":"https:\/\/medicinski-center.si\/de\/uroginekoloska-ambulanta\/","title":{"rendered":"Urogyn\u00e4kologie"},"content":{"rendered":"<div data-elementor-type=\"wp-page\" data-elementor-id=\"5903\" class=\"elementor elementor-5903\">\n\t\t\t\t\t\t<div class=\"elementor-inner\">\n\t\t\t\t<div class=\"elementor-section-wrap\">\n\t\t\t\t\t\t\t\t\t<section class=\"elementor-section elementor-top-section elementor-element elementor-element-e7f5a4a elementor-section-boxed elementor-section-height-default elementor-section-height-default\" data-id=\"e7f5a4a\" data-element_type=\"section\" data-settings=\"{&quot;ekit_has_onepagescroll_dot&quot;:&quot;yes&quot;}\">\n\t\t\t\t\t\t<div class=\"elementor-container elementor-column-gap-default\">\n\t\t\t\t\t\t\t<div class=\"elementor-row\">\n\t\t\t\t\t\t\t\t\t<\/div>\n\t\t\t\t\t<\/div>\n\t\t<\/section>\n\t\t\t\t<section class=\"elementor-section elementor-top-section elementor-element elementor-element-5017c224 elementor-section-boxed elementor-section-height-default elementor-section-height-default\" data-id=\"5017c224\" data-element_type=\"section\" data-settings=\"{&quot;background_background&quot;:&quot;classic&quot;,&quot;ekit_has_onepagescroll_dot&quot;:&quot;yes&quot;}\">\n\t\t\t\t\t\t\t<div class=\"elementor-background-overlay\"><\/div>\n\t\t\t\t\t\t\t<div class=\"elementor-container elementor-column-gap-default\">\n\t\t\t\t\t\t\t<div class=\"elementor-row\">\n\t\t\t\t\t<div class=\"elementor-column elementor-col-100 elementor-top-column elementor-element elementor-element-2f9fb44e\" data-id=\"2f9fb44e\" data-element_type=\"column\">\n\t\t\t<div class=\"elementor-column-wrap elementor-element-populated\">\n\t\t\t\t\t\t\t<div class=\"elementor-widget-wrap\">\n\t\t\t\t\t\t<section class=\"elementor-section elementor-inner-section elementor-element elementor-element-67207950 elementor-section-boxed elementor-section-height-default elementor-section-height-default\" data-id=\"67207950\" data-element_type=\"section\" data-settings=\"{&quot;ekit_has_onepagescroll_dot&quot;:&quot;yes&quot;}\">\n\t\t\t\t\t\t<div class=\"elementor-container elementor-column-gap-default\">\n\t\t\t\t\t\t\t<div class=\"elementor-row\">\n\t\t\t\t\t<div class=\"elementor-column elementor-col-50 elementor-inner-column elementor-element elementor-element-9fee4c3\" data-id=\"9fee4c3\" data-element_type=\"column\">\n\t\t\t<div class=\"elementor-column-wrap elementor-element-populated\">\n\t\t\t\t\t\t\t<div class=\"elementor-widget-wrap\">\n\t\t\t\t\t\t<div class=\"elementor-element elementor-element-1d9636f8 elementor-widget-tablet__width-initial elementor-widget elementor-widget-elementskit-heading\" data-id=\"1d9636f8\" data-element_type=\"widget\" data-settings=\"{&quot;ekit_we_effect_on&quot;:&quot;none&quot;}\" data-widget_type=\"elementskit-heading.default\">\n\t\t\t\t<div class=\"elementor-widget-container\">\n\t\t\t<div class=\"ekit-wid-con\" ><div class=\"ekit-heading elementskit-section-title-wraper text_left   ekit_heading_tablet-   ekit_heading_mobile-\"><h3 class=\"ekit-heading--title elementskit-section-title\">Urogyn\u00e4kologie<\/h3>\t\t\t\t<div class='ekit-heading__description'>\n\t\t\t\t\t<p>Uroginekolo\u0161ki pregled je namenjen pacientkam z motnjami funkcije mi\u0161ic medeni\u010dnega dna in organov v mali medenici (npr. zdrs no\u017enice, maternice ali danke)<\/p>\n\t\t\t\t<\/div>\n\t\t\t<\/div><\/div>\t\t<\/div>\n\t\t\t\t<\/div>\n\t\t\t\t\t\t<\/div>\n\t\t\t\t\t<\/div>\n\t\t<\/div>\n\t\t\t\t<div class=\"elementor-column elementor-col-50 elementor-inner-column elementor-element elementor-element-23a9152a\" data-id=\"23a9152a\" data-element_type=\"column\">\n\t\t\t<div class=\"elementor-column-wrap\">\n\t\t\t\t\t\t\t<div class=\"elementor-widget-wrap\">\n\t\t\t\t\t\t\t\t<\/div>\n\t\t\t\t\t<\/div>\n\t\t<\/div>\n\t\t\t\t\t\t\t\t<\/div>\n\t\t\t\t\t<\/div>\n\t\t<\/section>\n\t\t\t\t<div class=\"elementor-element elementor-element-d2b0142 elementor-widget elementor-widget-elementskit-button\" data-id=\"d2b0142\" data-element_type=\"widget\" data-settings=\"{&quot;ekit_we_effect_on&quot;:&quot;none&quot;}\" data-widget_type=\"elementskit-button.default\">\n\t\t\t\t<div class=\"elementor-widget-container\">\n\t\t\t<div class=\"ekit-wid-con\" >\t\t<div class=\"ekit-btn-wraper\">\n\t\t\t\t\t\t\t<a href=\"https:\/\/medicinski-center.si\/de\/narocanje\/\" class=\"elementskit-btn  whitespace--normal\" >\n\t\t\t\t\t\n\t\t\t\t\t\n\t\t\t\t\tTerminauswahl\t\t\t\t<\/a>\n\t\t\t\t\t\t<\/div>\n        <\/div>\t\t<\/div>\n\t\t\t\t<\/div>\n\t\t\t\t\t\t<\/div>\n\t\t\t\t\t<\/div>\n\t\t<\/div>\n\t\t\t\t\t\t\t\t<\/div>\n\t\t\t\t\t<\/div>\n\t\t<\/section>\n\t\t\t\t<section class=\"elementor-section elementor-top-section elementor-element elementor-element-6d07fb8 elementor-section-boxed elementor-section-height-default elementor-section-height-default\" data-id=\"6d07fb8\" data-element_type=\"section\" data-settings=\"{&quot;ekit_has_onepagescroll_dot&quot;:&quot;yes&quot;}\">\n\t\t\t\t\t\t<div class=\"elementor-container elementor-column-gap-default\">\n\t\t\t\t\t\t\t<div class=\"elementor-row\">\n\t\t\t\t\t<div class=\"elementor-column elementor-col-100 elementor-top-column elementor-element elementor-element-bb1daa6\" data-id=\"bb1daa6\" data-element_type=\"column\">\n\t\t\t<div class=\"elementor-column-wrap elementor-element-populated\">\n\t\t\t\t\t\t\t<div class=\"elementor-widget-wrap\">\n\t\t\t\t\t\t<div class=\"elementor-element elementor-element-5841e31 elementor-widget elementor-widget-text-editor\" data-id=\"5841e31\" data-element_type=\"widget\" data-settings=\"{&quot;ekit_we_effect_on&quot;:&quot;none&quot;}\" data-widget_type=\"text-editor.default\">\n\t\t\t\t<div class=\"elementor-widget-container\">\n\t\t\t\t\t\t\t\t<div class=\"elementor-text-editor elementor-clearfix\">\n\t\t\t\t<p>Vse ve\u010d \u017eensk se sre\u010duje z neprijetnim in nenadzorovanim uhajanjem vode \u2013 <b>URINSKO INKONTINENCO.<\/b> Razlogov za to je ve\u010d, najpogostej\u0161i pa je vnetje mehurja. Prav tako lahko urinsko inkontinenco povzro\u010di zau\u017eitje ve\u010djih koli\u010din kofeina, prekomerno pitje alkohola, uporab posameznih zdravil kot tudi stanja, ki vplivajo na se\u010devod in mehur, kot na primer stanje sluznice no\u017enice pri starej\u0161ih \u017eenskah zaradi pomanjkanja \u017eenskih spolnih hormonov \u2013 atrofi\u010dni vaginitis.<\/p><p>Poznamo ve\u010d vrst urinske inkontinence, najpogostej\u0161a je stresna urinska inkontinenca, kjer vam urin uhaja med smejanjem, kihanjem, ka\u0161ljanjem ali drugimi vrstami naprezanja.<\/p><p>Prav tako poznamo urgentno inkontinenco, psihogeno inkontinenco, me\u0161ano inkontinenco, inkontinenco zaradi prepolnega mehurja ter kompletno inkontinenco.<\/p><p><b>Uroginekolo\u0161ki pregled<\/b> je namenjen pacientkam z motnjami funkcije mi\u0161ic medeni\u010dnega dna in organov v mali medenici (npr. zdrs no\u017enice, maternice ali danke). Pregled vklju\u010duje oceno popu\u0161\u010danja medeni\u010dnega dna in oceno urinske inkontinence ter morebitne inkontinence blata.<\/p>\t\t\t\t\t<\/div>\n\t\t\t\t\t\t<\/div>\n\t\t\t\t<\/div>\n\t\t\t\t\t\t<\/div>\n\t\t\t\t\t<\/div>\n\t\t<\/div>\n\t\t\t\t\t\t\t\t<\/div>\n\t\t\t\t\t<\/div>\n\t\t<\/section>\n\t\t\t\t<section class=\"elementor-section elementor-top-section elementor-element elementor-element-0f742f8 elementor-section-boxed elementor-section-height-default elementor-section-height-default\" data-id=\"0f742f8\" data-element_type=\"section\" data-settings=\"{&quot;ekit_has_onepagescroll_dot&quot;:&quot;yes&quot;}\">\n\t\t\t\t\t\t<div class=\"elementor-container elementor-column-gap-default\">\n\t\t\t\t\t\t\t<div class=\"elementor-row\">\n\t\t\t\t\t<div class=\"elementor-column elementor-col-100 elementor-top-column elementor-element elementor-element-9ed0fb7\" data-id=\"9ed0fb7\" data-element_type=\"column\">\n\t\t\t<div class=\"elementor-column-wrap elementor-element-populated\">\n\t\t\t\t\t\t\t<div class=\"elementor-widget-wrap\">\n\t\t\t\t\t\t<section class=\"elementor-section elementor-inner-section elementor-element elementor-element-aa244e7 elementor-section-boxed elementor-section-height-default elementor-section-height-default\" data-id=\"aa244e7\" data-element_type=\"section\" data-settings=\"{&quot;ekit_has_onepagescroll_dot&quot;:&quot;yes&quot;}\">\n\t\t\t\t\t\t<div class=\"elementor-container elementor-column-gap-default\">\n\t\t\t\t\t\t\t<div class=\"elementor-row\">\n\t\t\t\t\t<div class=\"elementor-column elementor-col-50 elementor-inner-column elementor-element elementor-element-c142d1e\" data-id=\"c142d1e\" data-element_type=\"column\">\n\t\t\t<div class=\"elementor-column-wrap elementor-element-populated\">\n\t\t\t\t\t\t\t<div class=\"elementor-widget-wrap\">\n\t\t\t\t\t\t<div class=\"elementor-element elementor-element-f7b51b3 elementor-view-default elementor-mobile-position-top elementor-vertical-align-top elementor-widget elementor-widget-icon-box\" data-id=\"f7b51b3\" data-element_type=\"widget\" data-settings=\"{&quot;ekit_we_effect_on&quot;:&quot;none&quot;}\" data-widget_type=\"icon-box.default\">\n\t\t\t\t<div class=\"elementor-widget-container\">\n\t\t\t\t\t<div class=\"elementor-icon-box-wrapper\">\n\t\t\t\t\t\t<div class=\"elementor-icon-box-icon\">\n\t\t\t\t<span class=\"elementor-icon elementor-animation-shrink\" >\n\t\t\t\t<i aria-hidden=\"true\" class=\"icon icon-doctor\"><\/i>\t\t\t\t<\/span>\n\t\t\t<\/div>\n\t\t\t\t\t\t<div class=\"elementor-icon-box-content\">\n\t\t\t\t<h3 class=\"elementor-icon-box-title\">\n\t\t\t\t\t<span  >\n\t\t\t\t\t\tDr. med. Ksenija Kardo\u0161 Mohorko, Fach\u00e4rztin f\u00fcr Gyn\u00e4kologie und Geburtshilfe\t\t\t\t\t<\/span>\n\t\t\t\t<\/h3>\n\t\t\t\t\t\t\t<\/div>\n\t\t<\/div>\n\t\t\t\t<\/div>\n\t\t\t\t<\/div>\n\t\t\t\t\t\t<\/div>\n\t\t\t\t\t<\/div>\n\t\t<\/div>\n\t\t\t\t<div class=\"elementor-column elementor-col-50 elementor-inner-column elementor-element elementor-element-1814985\" data-id=\"1814985\" data-element_type=\"column\">\n\t\t\t<div class=\"elementor-column-wrap elementor-element-populated\">\n\t\t\t\t\t\t\t<div class=\"elementor-widget-wrap\">\n\t\t\t\t\t\t<div class=\"elementor-element elementor-element-1700b3f elementor-view-default elementor-mobile-position-top elementor-vertical-align-top elementor-widget elementor-widget-icon-box\" data-id=\"1700b3f\" data-element_type=\"widget\" data-settings=\"{&quot;ekit_we_effect_on&quot;:&quot;none&quot;}\" data-widget_type=\"icon-box.default\">\n\t\t\t\t<div class=\"elementor-widget-container\">\n\t\t\t\t\t<div class=\"elementor-icon-box-wrapper\">\n\t\t\t\t\t\t<div class=\"elementor-icon-box-icon\">\n\t\t\t\t<span class=\"elementor-icon elementor-animation-shrink\" >\n\t\t\t\t<i aria-hidden=\"true\" class=\"icon icon-clock-1\"><\/i>\t\t\t\t<\/span>\n\t\t\t<\/div>\n\t\t\t\t\t\t<div class=\"elementor-icon-box-content\">\n\t\t\t\t<h3 class=\"elementor-icon-box-title\">\n\t\t\t\t\t<span  >\n\t\t\t\t\t\t\u010cetrtek: 15:30 do 19:00\t\t\t\t\t<\/span>\n\t\t\t\t<\/h3>\n\t\t\t\t\t\t\t<\/div>\n\t\t<\/div>\n\t\t\t\t<\/div>\n\t\t\t\t<\/div>\n\t\t\t\t\t\t<\/div>\n\t\t\t\t\t<\/div>\n\t\t<\/div>\n\t\t\t\t\t\t\t\t<\/div>\n\t\t\t\t\t<\/div>\n\t\t<\/section>\n\t\t\t\t<div class=\"elementor-element elementor-element-0e877c0 elementor-widget elementor-widget-elementskit-accordion\" data-id=\"0e877c0\" data-element_type=\"widget\" data-settings=\"{&quot;ekit_we_effect_on&quot;:&quot;none&quot;}\" data-widget_type=\"elementskit-accordion.default\">\n\t\t\t\t<div class=\"elementor-widget-container\">\n\t\t\t<div class=\"ekit-wid-con\" >\n        <div class=\"elementskit-accordion accoedion-primary\" id=\"accordion-69e8c06177cb6\">\n\n            \n                <div class=\"elementskit-card\">\n                    <div class=\"elementskit-card-header\" id=\"primaryHeading-0-0e877c0\">\n                        <a href=\"#collapse-e2f06af69e8c06177cb6\" class=\"ekit-accordion--toggler elementskit-btn-link collapsed\" data-ekit-toggle=\"collapse\" data-target=\"#Collapse-e2f06af69e8c06177cb6\" aria-expanded=\"false\" aria-controls=\"Collapse-e2f06af69e8c06177cb6\">\n                            \n                            <span class=\"ekit-accordion-title\">PREISLISTE<\/span>\n\n                            \n                                <div class=\"ekit_accordion_icon_group\">\n                                    <div class=\"ekit_accordion_normal_icon\">\n                                        <!-- Normal Icon -->\n                                        <i aria-hidden=\"true\" class=\"icon-open icon-right icon icon-down-arrow1\"><\/i>                                    <\/div>\n\n                                    <div class=\"ekit_accordion_active_icon\">\n                                        <!-- Active Icon -->\n                                        <i aria-hidden=\"true\" class=\"icon-closed icon-right icon icon-up-arrow\"><\/i>                                    <\/div>\n\n                                <\/div>\n\n                            \n                                                    <\/a>\n                    <\/div>\n\n                    <div id=\"Collapse-e2f06af69e8c06177cb6\" class=\"collapse\" aria-labelledby=\"primaryHeading-0-0e877c0\" data-parent=\"#accordion-69e8c06177cb6\">\n\n                        <div class=\"elementskit-card-body ekit-accordion--content\">\n                            <p>\n<table id=\"tablepress-6\" class=\"tablepress tablepress-id-6\">\n<thead>\n<tr class=\"row-1 odd\">\n\t<th class=\"column-1\">BEHANDLUNG<\/th><th class=\"column-2\">PREIS<\/th>\n<\/tr>\n<\/thead>\n<tbody class=\"row-hover\">\n<tr class=\"row-2 even\">\n\t<td class=\"column-1\">Erste Urogyn\u00e4kologische Untersuchung\t<\/td><td class=\"column-2\">60,00 EUR<\/td>\n<\/tr>\n<tr class=\"row-3 odd\">\n\t<td class=\"column-1\">Urogyn\u00e4kologische Untersuchung (Kontrolle)<\/td><td class=\"column-2\">40,00 EUR<\/td>\n<\/tr>\n<tr class=\"row-4 even\">\n\t<td class=\"column-1\">Einsetzung eines Pessars<\/td><td class=\"column-2\">45,00 EUR<\/td>\n<\/tr>\n<\/tbody>\n<\/table>\n<!-- #tablepress-6 from cache --><\/p>                        <\/div>\n\n                    <\/div>\n\n                <\/div><!-- .elementskit-card END -->\n\n                        <\/div>\n    <\/div>\t\t<\/div>\n\t\t\t\t<\/div>\n\t\t\t\t\t\t<\/div>\n\t\t\t\t\t<\/div>\n\t\t<\/div>\n\t\t\t\t\t\t\t\t<\/div>\n\t\t\t\t\t<\/div>\n\t\t<\/section>\n\t\t\t\t\t\t\t\t\t<\/div>\n\t\t\t<\/div>\n\t\t\t\t\t<\/div>","protected":false},"excerpt":{"rendered":"<p>Uroginekolo\u0161ka ambulanta Uroginekolo\u0161ki pregled je namenjen pacientkam z motnjami funkcije mi\u0161ic medeni\u010dnega dna in organov v mali medenici (npr. zdrs no\u017enice, maternice ali danke) Naro\u010dite se Vse ve\u010d \u017eensk se sre\u010duje z neprijetnim in nenadzorovanim uhajanjem vode \u2013 URINSKO INKONTINENCO. Razlogov za to je ve\u010d, najpogostej\u0161i pa je vnetje mehurja. Prav tako lahko urinsko inkontinenco [&hellip;]<\/p>","protected":false},"author":1,"featured_media":0,"parent":0,"menu_order":0,"comment_status":"closed","ping_status":"closed","template":"template\/template-page.php","meta":[],"_links":{"self":[{"href":"https:\/\/medicinski-center.si\/de\/wp-json\/wp\/v2\/pages\/5903"}],"collection":[{"href":"https:\/\/medicinski-center.si\/de\/wp-json\/wp\/v2\/pages"}],"about":[{"href":"https:\/\/medicinski-center.si\/de\/wp-json\/wp\/v2\/types\/page"}],"author":[{"embeddable":true,"href":"https:\/\/medicinski-center.si\/de\/wp-json\/wp\/v2\/users\/1"}],"replies":[{"embeddable":true,"href":"https:\/\/medicinski-center.si\/de\/wp-json\/wp\/v2\/comments?post=5903"}],"version-history":[{"count":31,"href":"https:\/\/medicinski-center.si\/de\/wp-json\/wp\/v2\/pages\/5903\/revisions"}],"predecessor-version":[{"id":6870,"href":"https:\/\/medicinski-center.si\/de\/wp-json\/wp\/v2\/pages\/5903\/revisions\/6870"}],"wp:attachment":[{"href":"https:\/\/medicinski-center.si\/de\/wp-json\/wp\/v2\/media?parent=5903"}],"curies":[{"name":"wp","href":"https:\/\/api.w.org\/{rel}","templated":true}]}}