{"id":6041,"date":"2021-08-17T06:49:59","date_gmt":"2021-08-17T06:49:59","guid":{"rendered":"https:\/\/medicinski-center.si\/?page_id=6041"},"modified":"2026-03-02T07:40:56","modified_gmt":"2026-03-02T07:40:56","slug":"cenik","status":"publish","type":"page","link":"https:\/\/medicinski-center.si\/de\/cenik\/","title":{"rendered":"PREISLISTE"},"content":{"rendered":"<div data-elementor-type=\"wp-page\" data-elementor-id=\"6041\" class=\"elementor elementor-6041\">\n\t\t\t\t\t\t<div class=\"elementor-inner\">\n\t\t\t\t<div class=\"elementor-section-wrap\">\n\t\t\t\t\t\t\t\t\t<section class=\"elementor-section elementor-top-section elementor-element elementor-element-5ccc3bf elementor-section-full_width elementor-section-height-default elementor-section-height-default\" data-id=\"5ccc3bf\" data-element_type=\"section\" data-settings=\"{&quot;background_background&quot;:&quot;classic&quot;,&quot;ekit_has_onepagescroll_dot&quot;:&quot;yes&quot;}\">\n\t\t\t\t\t\t<div class=\"elementor-container elementor-column-gap-default\">\n\t\t\t\t\t\t\t<div class=\"elementor-row\">\n\t\t\t\t\t<div class=\"elementor-column elementor-col-100 elementor-top-column elementor-element elementor-element-8cd84fa\" data-id=\"8cd84fa\" data-element_type=\"column\">\n\t\t\t<div class=\"elementor-column-wrap elementor-element-populated\">\n\t\t\t\t\t\t\t<div class=\"elementor-widget-wrap\">\n\t\t\t\t\t\t<div class=\"elementor-element elementor-element-5a8e352 elementor-widget elementor-widget-spacer\" data-id=\"5a8e352\" data-element_type=\"widget\" data-settings=\"{&quot;ekit_we_effect_on&quot;:&quot;none&quot;}\" data-widget_type=\"spacer.default\">\n\t\t\t\t<div class=\"elementor-widget-container\">\n\t\t\t\t\t<div class=\"elementor-spacer\">\n\t\t\t<div class=\"elementor-spacer-inner\"><\/div>\n\t\t<\/div>\n\t\t\t\t<\/div>\n\t\t\t\t<\/div>\n\t\t\t\t<div class=\"elementor-element elementor-element-73490da elementor-widget elementor-widget-heading\" data-id=\"73490da\" data-element_type=\"widget\" data-settings=\"{&quot;ekit_we_effect_on&quot;:&quot;none&quot;}\" data-widget_type=\"heading.default\">\n\t\t\t\t<div class=\"elementor-widget-container\">\n\t\t\t<h2 class=\"elementor-heading-title elementor-size-default\">PREISLISTE<\/h2>\t\t<\/div>\n\t\t\t\t<\/div>\n\t\t\t\t<div class=\"elementor-element elementor-element-b1f2902 elementor-widget elementor-widget-spacer\" data-id=\"b1f2902\" data-element_type=\"widget\" data-settings=\"{&quot;ekit_we_effect_on&quot;:&quot;none&quot;}\" data-widget_type=\"spacer.default\">\n\t\t\t\t<div class=\"elementor-widget-container\">\n\t\t\t\t\t<div class=\"elementor-spacer\">\n\t\t\t<div class=\"elementor-spacer-inner\"><\/div>\n\t\t<\/div>\n\t\t\t\t<\/div>\n\t\t\t\t<\/div>\n\t\t\t\t\t\t<\/div>\n\t\t\t\t\t<\/div>\n\t\t<\/div>\n\t\t\t\t\t\t\t\t<\/div>\n\t\t\t\t\t<\/div>\n\t\t<\/section>\n\t\t\t\t<section class=\"elementor-section elementor-top-section elementor-element elementor-element-0c26e55 elementor-section-boxed elementor-section-height-default elementor-section-height-default\" data-id=\"0c26e55\" data-element_type=\"section\" data-settings=\"{&quot;ekit_has_onepagescroll_dot&quot;:&quot;yes&quot;}\">\n\t\t\t\t\t\t<div class=\"elementor-container elementor-column-gap-default\">\n\t\t\t\t\t\t\t<div class=\"elementor-row\">\n\t\t\t\t\t<div class=\"elementor-column elementor-col-100 elementor-top-column elementor-element elementor-element-f917ae9\" data-id=\"f917ae9\" data-element_type=\"column\">\n\t\t\t<div class=\"elementor-column-wrap elementor-element-populated\">\n\t\t\t\t\t\t\t<div class=\"elementor-widget-wrap\">\n\t\t\t\t\t\t<div class=\"elementor-element elementor-element-c9fefe0 elementor-widget elementor-widget-spacer\" data-id=\"c9fefe0\" data-element_type=\"widget\" data-settings=\"{&quot;ekit_we_effect_on&quot;:&quot;none&quot;}\" data-widget_type=\"spacer.default\">\n\t\t\t\t<div class=\"elementor-widget-container\">\n\t\t\t\t\t<div class=\"elementor-spacer\">\n\t\t\t<div class=\"elementor-spacer-inner\"><\/div>\n\t\t<\/div>\n\t\t\t\t<\/div>\n\t\t\t\t<\/div>\n\t\t\t\t<div class=\"elementor-element elementor-element-0d2a5fc elementor-widget elementor-widget-text-editor\" data-id=\"0d2a5fc\" data-element_type=\"widget\" data-settings=\"{&quot;ekit_we_effect_on&quot;:&quot;none&quot;}\" data-widget_type=\"text-editor.default\">\n\t\t\t\t<div class=\"elementor-widget-container\">\n\t\t\t\t\t\t\t\t<div class=\"elementor-text-editor elementor-clearfix\">\n\t\t\t\t<p><strong>Cenik veljaven od 1.3.2026 dalje.<\/strong><\/p><p><em><span style=\"color: #000000;\"><strong data-start=\"506\" data-end=\"554\">Obvestilo o izvajalcu ultrazvo\u010dnih pregledov<\/strong><\/span><\/em><br data-start=\"554\" data-end=\"557\" \/><em><span style=\"color: #000000;\">Ultrazvo\u010dne preglede v prostorih <span class=\"hover:entity-accent entity-underline inline cursor-pointer align-baseline\">Medicinskega centra Ortolab<\/span>\u00a0izvaja zunanji izvajalec Primo\u017e Kova\u010di\u010d s.p., zdravnik <span class=\"hover:entity-accent entity-underline inline cursor-pointer align-baseline\">Primo\u017e Kova\u010di\u010d<\/span>, dr. med., specialist radiologije. Medicinski center zagotavlja naro\u010danje pacientov in administrativno podporo. Izvedbo zdravstvene storitve, strokovno odgovornost ter izdajo ra\u010duna zagotavlja navedeni izvajalec.<\/span><\/em><\/p>\t\t\t\t\t<\/div>\n\t\t\t\t\t\t<\/div>\n\t\t\t\t<\/div>\n\t\t\t\t<div class=\"elementor-element elementor-element-0f271ae elementor-widget elementor-widget-elementskit-accordion\" data-id=\"0f271ae\" data-element_type=\"widget\" data-settings=\"{&quot;ekit_we_effect_on&quot;:&quot;none&quot;}\" data-widget_type=\"elementskit-accordion.default\">\n\t\t\t\t<div class=\"elementor-widget-container\">\n\t\t\t<div class=\"ekit-wid-con\" >\n        <div class=\"elementskit-accordion accoedion-primary\" id=\"accordion-6a0595b4d51d4\">\n\n            \n                <div class=\"elementskit-card\">\n                    <div class=\"elementskit-card-header\" id=\"primaryHeading-0-0f271ae\">\n                        <a href=\"#collapse-f3ddba56a0595b4d51d4\" class=\"ekit-accordion--toggler elementskit-btn-link collapsed\" data-ekit-toggle=\"collapse\" data-target=\"#Collapse-f3ddba56a0595b4d51d4\" aria-expanded=\"false\" aria-controls=\"Collapse-f3ddba56a0595b4d51d4\">\n                            \n                            <span class=\"ekit-accordion-title\">Ultraschall<\/span>\n\n                            \n                                <div class=\"ekit_accordion_icon_group\">\n                                    <div class=\"ekit_accordion_normal_icon\">\n                                        <!-- Normal Icon -->\n                                        <i aria-hidden=\"true\" class=\"icon-open icon-right icon icon-down-arrow1\"><\/i>                                    <\/div>\n\n                                    <div class=\"ekit_accordion_active_icon\">\n                                        <!-- Active Icon -->\n                                        <i aria-hidden=\"true\" class=\"icon-closed icon-right icon icon-up-arrow\"><\/i>                                    <\/div>\n\n                                <\/div>\n\n                            \n                                                    <\/a>\n                    <\/div>\n\n                    <div id=\"Collapse-f3ddba56a0595b4d51d4\" class=\"collapse\" aria-labelledby=\"primaryHeading-0-0f271ae\" data-parent=\"#accordion-6a0595b4d51d4\">\n\n                        <div class=\"elementskit-card-body ekit-accordion--content\">\n                            <p>\n<table id=\"tablepress-1\" class=\"tablepress tablepress-id-1\">\n<thead>\n<tr class=\"row-1 odd\">\n\t<th class=\"column-1\">Storitev<\/th><th class=\"column-2\">Cena<\/th>\n<\/tr>\n<\/thead>\n<tbody class=\"row-hover\">\n<tr class=\"row-2 even\">\n\t<td class=\"column-1\">UZ ABDOMNA<\/td><td class=\"column-2\">120 \u20ac<\/td>\n<\/tr>\n<tr class=\"row-3 odd\">\n\t<td class=\"column-1\">UZ ABDOMNA + RU<\/td><td class=\"column-2\">150 \u20ac<\/td>\n<\/tr>\n<tr class=\"row-4 even\">\n\t<td class=\"column-1\">UZ ABDOMNA + PROSTATA<\/td><td class=\"column-2\">150 \u20ac<\/td>\n<\/tr>\n<tr class=\"row-5 odd\">\n\t<td class=\"column-1\">UZ ABDOMNA + PROSTATA + RU<\/td><td class=\"column-2\">170 \u20ac<\/td>\n<\/tr>\n<tr class=\"row-6 even\">\n\t<td class=\"column-1\">UZ SE\u010cIL<\/td><td class=\"column-2\">120 \u20ac<\/td>\n<\/tr>\n<tr class=\"row-7 odd\">\n\t<td class=\"column-1\">UZ SE\u010cIL + PROSTATA<\/td><td class=\"column-2\">150 \u20ac<\/td>\n<\/tr>\n<tr class=\"row-8 even\">\n\t<td class=\"column-1\">UZ SE\u010cIL + RU<\/td><td class=\"column-2\">150 \u20ac<\/td>\n<\/tr>\n<tr class=\"row-9 odd\">\n\t<td class=\"column-1\">UZ SE\u010cIL + PROSTATA + RU<\/td><td class=\"column-2\">170 \u20ac<\/td>\n<\/tr>\n<tr class=\"row-10 even\">\n\t<td class=\"column-1\">UZ PROSTATE<\/td><td class=\"column-2\">100 \u20ac<\/td>\n<\/tr>\n<tr class=\"row-11 odd\">\n\t<td class=\"column-1\">UZ PROSTATE + RU<\/td><td class=\"column-2\">150 \u20ac<\/td>\n<\/tr>\n<tr class=\"row-12 even\">\n\t<td class=\"column-1\">ZASTANEK PO MIKCIJI (RU)<\/td><td class=\"column-2\">100 \u20ac<\/td>\n<\/tr>\n<tr class=\"row-13 odd\">\n\t<td class=\"column-1\">UZ INGVINALNIH REGIJ<\/td><td class=\"column-2\">120 \u20ac<\/td>\n<\/tr>\n<tr class=\"row-14 even\">\n\t<td class=\"column-1\">UZ TESTISOV<\/td><td class=\"column-2\">120 \u20ac<\/td>\n<\/tr>\n<tr class=\"row-15 odd\">\n\t<td class=\"column-1\">UZ SPREDNJE TREBU\u0160NE STENE<\/td><td class=\"column-2\">120 \u20ac<\/td>\n<\/tr>\n<tr class=\"row-16 even\">\n\t<td class=\"column-1\">UZ DOJK Z AKSILAMI<\/td><td class=\"column-2\">130 \u20ac<\/td>\n<\/tr>\n<tr class=\"row-17 odd\">\n\t<td class=\"column-1\">UZ ENE DOJKE Z AKSILO<\/td><td class=\"column-2\">110 \u20ac<\/td>\n<\/tr>\n<tr class=\"row-18 even\">\n\t<td class=\"column-1\">UZ AKSILE<\/td><td class=\"column-2\">110 \u20ac<\/td>\n<\/tr>\n<tr class=\"row-19 odd\">\n\t<td class=\"column-1\">UZ MEHKIH TKIV<\/td><td class=\"column-2\">120 \u20ac<\/td>\n<\/tr>\n<tr class=\"row-20 even\">\n\t<td class=\"column-1\">UZ VRATU<\/td><td class=\"column-2\">120 \u20ac<\/td>\n<\/tr>\n<tr class=\"row-21 odd\">\n\t<td class=\"column-1\">UZ \u0160\u010cITNICE<\/td><td class=\"column-2\">120 \u20ac<\/td>\n<\/tr>\n<tr class=\"row-22 even\">\n\t<td class=\"column-1\">UZ BEZGAVK ENA REGIJA<\/td><td class=\"column-2\">110 \u20ac<\/td>\n<\/tr>\n<tr class=\"row-23 odd\">\n\t<td class=\"column-1\">UZ BEZGEVK DVE REGIJI<\/td><td class=\"column-2\">150 \u20ac<\/td>\n<\/tr>\n<tr class=\"row-24 even\">\n\t<td class=\"column-1\">UZ MI\u0160I\u010cNO SKELETNEGA SISTEMA\/SKLEP<\/td><td class=\"column-2\">120 \u20ac<\/td>\n<\/tr>\n<tr class=\"row-25 odd\">\n\t<td class=\"column-1\">UZ DOPPLER VRATNIH ARTERIJ\/KAROTID<\/td><td class=\"column-2\">150 \u20ac<\/td>\n<\/tr>\n<tr class=\"row-26 even\">\n\t<td class=\"column-1\">UZ DOPPLER ABDOMINALNE AORTE<\/td><td class=\"column-2\">120 \u20ac<\/td>\n<\/tr>\n<tr class=\"row-27 odd\">\n\t<td class=\"column-1\">UZ DOPPLER VEN ENE SPODNJE OKON\u010cINE<\/td><td class=\"column-2\">120 \u20ac<\/td>\n<\/tr>\n<tr class=\"row-28 even\">\n\t<td class=\"column-1\">UZ DOPPLER VEN OBEH SPODNJIH OKON\u010cIN<\/td><td class=\"column-2\">160 \u20ac<\/td>\n<\/tr>\n<tr class=\"row-29 odd\">\n\t<td class=\"column-1\">UZ DOPPLER ARTERIJ ENE SP. OKON\u010cINE<\/td><td class=\"column-2\">120 \u20ac<\/td>\n<\/tr>\n<tr class=\"row-30 even\">\n\t<td class=\"column-1\">UZ DOPPLER ARTERIJ OBEH SP. OKON\u010cIN<\/td><td class=\"column-2\">160 \u20ac<\/td>\n<\/tr>\n<tr class=\"row-31 odd\">\n\t<td class=\"column-1\">UZ DOPPLER ARTERIJ IN VEN ENE SP. OKON\u010cINE<\/td><td class=\"column-2\">160 \u20ac<\/td>\n<\/tr>\n<tr class=\"row-32 even\">\n\t<td class=\"column-1\">UZ DOPPLER ARTERIJ IN VEN OBEH SP. OKON\u010cIN<\/td><td class=\"column-2\">240 \u20ac<\/td>\n<\/tr>\n<tr class=\"row-33 odd\">\n\t<td class=\"column-1\">URGENTNI UZ (izven delovnega \u010dasa)<\/td><td class=\"column-2\">170 \u20ac<\/td>\n<\/tr>\n<tr class=\"row-34 even\">\n\t<td class=\"column-1\">URGENTNI UZ vene\/arterije\/izklju\u010ditev tromboze<\/td><td class=\"column-2\">200 \u20ac<\/td>\n<\/tr>\n<tr class=\"row-35 odd\">\n\t<td class=\"column-1\">KONZULTACIJA DO 20 min<\/td><td class=\"column-2\">150 \u20ac<\/td>\n<\/tr>\n<tr class=\"row-36 even\">\n\t<td class=\"column-1\">PREGLED DOKUMENTACIJE IN MNENJE<\/td><td class=\"column-2\">250 \u20ac<\/td>\n<\/tr>\n<\/tbody>\n<\/table>\n<!-- #tablepress-1 from cache --><\/p><p>Izvajalec:<\/p><p><strong>Primo\u017e Kova\u010di\u010d, dr. med., spec. radiologije<\/strong><\/p><p><strong>Primo\u017e Kova\u010di\u010d s.p.<\/strong><\/p>                        <\/div>\n\n                    <\/div>\n\n                <\/div><!-- .elementskit-card END -->\n\n                        <\/div>\n    <\/div>\t\t<\/div>\n\t\t\t\t<\/div>\n\t\t\t\t<div class=\"elementor-element elementor-element-a393a72 elementor-widget elementor-widget-text-editor\" data-id=\"a393a72\" data-element_type=\"widget\" data-settings=\"{&quot;ekit_we_effect_on&quot;:&quot;none&quot;}\" data-widget_type=\"text-editor.default\">\n\t\t\t\t<div class=\"elementor-widget-container\">\n\t\t\t\t\t\t\t\t<div class=\"elementor-text-editor elementor-clearfix\">\n\t\t\t\t<p><b>Zahlung per EC-Karte oder Bar m\u00f6glich.<\/b><\/p>\t\t\t\t\t<\/div>\n\t\t\t\t\t\t<\/div>\n\t\t\t\t<\/div>\n\t\t\t\t<div class=\"elementor-element elementor-element-539edd8 elementor-widget elementor-widget-spacer\" data-id=\"539edd8\" data-element_type=\"widget\" data-settings=\"{&quot;ekit_we_effect_on&quot;:&quot;none&quot;}\" data-widget_type=\"spacer.default\">\n\t\t\t\t<div class=\"elementor-widget-container\">\n\t\t\t\t\t<div class=\"elementor-spacer\">\n\t\t\t<div class=\"elementor-spacer-inner\"><\/div>\n\t\t<\/div>\n\t\t\t\t<\/div>\n\t\t\t\t<\/div>\n\t\t\t\t\t\t<\/div>\n\t\t\t\t\t<\/div>\n\t\t<\/div>\n\t\t\t\t\t\t\t\t<\/div>\n\t\t\t\t\t<\/div>\n\t\t<\/section>\n\t\t\t\t\t\t\t\t\t<\/div>\n\t\t\t<\/div>\n\t\t\t\t\t<\/div>","protected":false},"excerpt":{"rendered":"<p>Cenik Cenik veljaven od 1.3.2026 dalje. Obvestilo o izvajalcu ultrazvo\u010dnih pregledovUltrazvo\u010dne preglede v prostorih Medicinskega centra Ortolab\u00a0izvaja zunanji izvajalec Primo\u017e Kova\u010di\u010d s.p., zdravnik Primo\u017e Kova\u010di\u010d, dr. med., specialist radiologije. Medicinski center zagotavlja naro\u010danje pacientov in administrativno podporo. Izvedbo zdravstvene storitve, strokovno odgovornost ter izdajo ra\u010duna zagotavlja navedeni izvajalec. Ultrazvo\u010dna ambulanta Uredi Storitev Cena UZ ABDOMNA [&hellip;]<\/p>","protected":false},"author":1,"featured_media":0,"parent":0,"menu_order":0,"comment_status":"closed","ping_status":"closed","template":"","meta":[],"_links":{"self":[{"href":"https:\/\/medicinski-center.si\/de\/wp-json\/wp\/v2\/pages\/6041"}],"collection":[{"href":"https:\/\/medicinski-center.si\/de\/wp-json\/wp\/v2\/pages"}],"about":[{"href":"https:\/\/medicinski-center.si\/de\/wp-json\/wp\/v2\/types\/page"}],"author":[{"embeddable":true,"href":"https:\/\/medicinski-center.si\/de\/wp-json\/wp\/v2\/users\/1"}],"replies":[{"embeddable":true,"href":"https:\/\/medicinski-center.si\/de\/wp-json\/wp\/v2\/comments?post=6041"}],"version-history":[{"count":93,"href":"https:\/\/medicinski-center.si\/de\/wp-json\/wp\/v2\/pages\/6041\/revisions"}],"predecessor-version":[{"id":7357,"href":"https:\/\/medicinski-center.si\/de\/wp-json\/wp\/v2\/pages\/6041\/revisions\/7357"}],"wp:attachment":[{"href":"https:\/\/medicinski-center.si\/de\/wp-json\/wp\/v2\/media?parent=6041"}],"curies":[{"name":"wp","href":"https:\/\/api.w.org\/{rel}","templated":true}]}}