{"id":6098,"date":"2021-08-17T12:48:01","date_gmt":"2021-08-17T12:48:01","guid":{"rendered":"https:\/\/medicinski-center.si\/?page_id=6098"},"modified":"2021-11-09T08:33:48","modified_gmt":"2021-11-09T08:33:48","slug":"ultrazvocni-pregled-dojk","status":"publish","type":"page","link":"https:\/\/medicinski-center.si\/de\/storitve\/ultrazvocni-pregled-dojk\/","title":{"rendered":"Ultraschalluntersuchung der Brust"},"content":{"rendered":"<div data-elementor-type=\"wp-page\" data-elementor-id=\"6098\" class=\"elementor elementor-6098\">\n\t\t\t\t\t\t<div class=\"elementor-inner\">\n\t\t\t\t<div class=\"elementor-section-wrap\">\n\t\t\t\t\t\t\t\t\t<section class=\"elementor-section elementor-top-section elementor-element elementor-element-20e9902 elementor-section-full_width elementor-section-stretched elementor-section-height-default elementor-section-height-default\" data-id=\"20e9902\" data-element_type=\"section\" data-settings=\"{&quot;stretch_section&quot;:&quot;section-stretched&quot;,&quot;background_background&quot;:&quot;classic&quot;,&quot;ekit_has_onepagescroll_dot&quot;:&quot;yes&quot;}\">\n\t\t\t\t\t\t<div class=\"elementor-container elementor-column-gap-default\">\n\t\t\t\t\t\t\t<div class=\"elementor-row\">\n\t\t\t\t\t<div class=\"elementor-column elementor-col-100 elementor-top-column elementor-element elementor-element-b8211bf\" data-id=\"b8211bf\" data-element_type=\"column\" data-settings=\"{&quot;background_background&quot;:&quot;classic&quot;}\">\n\t\t\t<div class=\"elementor-column-wrap elementor-element-populated\">\n\t\t\t\t\t\t\t<div class=\"elementor-widget-wrap\">\n\t\t\t\t\t\t<div class=\"elementor-element elementor-element-a8976f8 elementor-widget elementor-widget-spacer\" data-id=\"a8976f8\" data-element_type=\"widget\" data-settings=\"{&quot;ekit_we_effect_on&quot;:&quot;none&quot;}\" data-widget_type=\"spacer.default\">\n\t\t\t\t<div class=\"elementor-widget-container\">\n\t\t\t\t\t<div class=\"elementor-spacer\">\n\t\t\t<div class=\"elementor-spacer-inner\"><\/div>\n\t\t<\/div>\n\t\t\t\t<\/div>\n\t\t\t\t<\/div>\n\t\t\t\t<div class=\"elementor-element elementor-element-eede144 elementor-widget elementor-widget-heading\" data-id=\"eede144\" data-element_type=\"widget\" data-settings=\"{&quot;ekit_we_effect_on&quot;:&quot;none&quot;}\" data-widget_type=\"heading.default\">\n\t\t\t\t<div class=\"elementor-widget-container\">\n\t\t\t<h2 class=\"elementor-heading-title elementor-size-default\">Ultraschalluntersuchung der Brust<\/h2>\t\t<\/div>\n\t\t\t\t<\/div>\n\t\t\t\t<div class=\"elementor-element elementor-element-da66d13 elementor-widget elementor-widget-spacer\" data-id=\"da66d13\" data-element_type=\"widget\" data-settings=\"{&quot;ekit_we_effect_on&quot;:&quot;none&quot;}\" data-widget_type=\"spacer.default\">\n\t\t\t\t<div class=\"elementor-widget-container\">\n\t\t\t\t\t<div class=\"elementor-spacer\">\n\t\t\t<div class=\"elementor-spacer-inner\"><\/div>\n\t\t<\/div>\n\t\t\t\t<\/div>\n\t\t\t\t<\/div>\n\t\t\t\t\t\t<\/div>\n\t\t\t\t\t<\/div>\n\t\t<\/div>\n\t\t\t\t\t\t\t\t<\/div>\n\t\t\t\t\t<\/div>\n\t\t<\/section>\n\t\t\t\t<section class=\"elementor-section elementor-top-section elementor-element elementor-element-828fb97 elementor-section-boxed elementor-section-height-default elementor-section-height-default\" data-id=\"828fb97\" data-element_type=\"section\" data-settings=\"{&quot;ekit_has_onepagescroll_dot&quot;:&quot;yes&quot;}\">\n\t\t\t\t\t\t<div class=\"elementor-container elementor-column-gap-default\">\n\t\t\t\t\t\t\t<div class=\"elementor-row\">\n\t\t\t\t\t<div class=\"elementor-column elementor-col-66 elementor-top-column elementor-element elementor-element-abd7857\" data-id=\"abd7857\" data-element_type=\"column\">\n\t\t\t<div class=\"elementor-column-wrap elementor-element-populated\">\n\t\t\t\t\t\t\t<div class=\"elementor-widget-wrap\">\n\t\t\t\t\t\t<div class=\"elementor-element elementor-element-a7313ba elementor-widget elementor-widget-spacer\" data-id=\"a7313ba\" data-element_type=\"widget\" data-settings=\"{&quot;ekit_we_effect_on&quot;:&quot;none&quot;}\" data-widget_type=\"spacer.default\">\n\t\t\t\t<div class=\"elementor-widget-container\">\n\t\t\t\t\t<div class=\"elementor-spacer\">\n\t\t\t<div class=\"elementor-spacer-inner\"><\/div>\n\t\t<\/div>\n\t\t\t\t<\/div>\n\t\t\t\t<\/div>\n\t\t\t\t<div class=\"elementor-element elementor-element-c5ab6f3 elementor-widget elementor-widget-text-editor\" data-id=\"c5ab6f3\" data-element_type=\"widget\" data-settings=\"{&quot;ekit_we_effect_on&quot;:&quot;none&quot;}\" data-widget_type=\"text-editor.default\">\n\t\t\t\t<div class=\"elementor-widget-container\">\n\t\t\t\t\t\t\t\t<div class=\"elementor-text-editor elementor-clearfix\">\n\t\t\t\t<p>Bei der Ultraschalluntersuchung der Brust werden Brust und Achselh\u00f6hlen beidseitig untersucht.<\/p><p>Der Brustultraschall ist eine Untersuchung, die geeignet ist, Brustkrebs auch bei Frauen unter 35 Jahren zu erkennen. Wichtig ist auch, dass eine solche Untersuchung f\u00fcr Schwangere geeignet ist, da keine ionisierende Strahlung vorhanden ist und eine solche Untersuchung f\u00fcr die Patientin v\u00f6llig ungef\u00e4hrlich ist.<\/p><p>Die Ultraschalluntersuchung der Brust ist besonders bei jungen Frauen wichtig, bei denen die Mammographie-Untersuchung aufgrund des \u00dcberflusses an Dr\u00fcsengewebe weniger transparent ist.<\/p><p>Vorteile der Ultraschalluntersuchung der Brust:<\/p><ul><li>Unterscheiden bestimmter Ver\u00e4nderungen von Dr\u00fcsengewebe, die uns die Mammographie bei einer dichten Struktur der Brust nicht erlaubt.<\/li><li>Der Ultraschall zeigt sehr gut den Inhalt der gr\u00f6\u00dferen Milchg\u00e4nge, was uns hilft, den Ausfluss aus der Brustwarze zu definieren.<\/li><li>Mit einer Ultraschalluntersuchung k\u00f6nnen auch die axill\u00e4ren Lymphknoten perfekt untersucht werden.<\/li><li>Die Ultraschalluntersuchung ist v\u00f6llig ungef\u00e4hrlich, da keine ionisierende Strahlung (wie bei der Mammographie) vorhanden ist.<\/li><li>Die Ultraschalluntersuchung der Brust kann unabh\u00e4ngig vom Menstruationszyklus durchgef\u00fchrt werden.<\/li><\/ul><p>W\u00e4hrend der Untersuchung betrachtet der Arzt das Livebild auf dem Bildschirm. Anhand des Bildes kann ein Spezialist normalerweise erkennen, ob es sich bei einem Brustklumpen um eine fl\u00fcssigkeitsgef\u00fcllte Zyste (die kein Krebs ist) oder eine feste Masse (die eine krebsartige Ver\u00e4nderung sein kann oder nicht) handelt.<\/p><p><strong>Es sind keine besonderen Vorbereitungen f\u00fcr die Untersuchung erforderlich.<\/strong><\/p><p><strong>Die Untersuchung wird von einem spezialisierten Radiologen durchgef\u00fchrt. Die Untersuchung ist schmerzlos.<\/strong><\/p><p><strong>Sie m\u00fcssen alle bisherigen Befunde mitbringen!<\/strong><\/p><p>\u00a0<\/p><p>Die Untersuchung wird von Facharzt Primo\u017e Kova\u010di\u010d, Dr. med., Facharzt f\u00fcr Radiologie der Ultraschallklinik.<\/p>\t\t\t\t\t<\/div>\n\t\t\t\t\t\t<\/div>\n\t\t\t\t<\/div>\n\t\t\t\t\t\t<\/div>\n\t\t\t\t\t<\/div>\n\t\t<\/div>\n\t\t\t\t<div class=\"elementor-column elementor-col-33 elementor-top-column elementor-element elementor-element-0661f65\" data-id=\"0661f65\" data-element_type=\"column\">\n\t\t\t<div class=\"elementor-column-wrap elementor-element-populated\">\n\t\t\t\t\t\t\t<div class=\"elementor-widget-wrap\">\n\t\t\t\t\t\t<div class=\"elementor-element elementor-element-4166b90 elementor-widget elementor-widget-spacer\" data-id=\"4166b90\" data-element_type=\"widget\" data-settings=\"{&quot;ekit_we_effect_on&quot;:&quot;none&quot;}\" data-widget_type=\"spacer.default\">\n\t\t\t\t<div class=\"elementor-widget-container\">\n\t\t\t\t\t<div class=\"elementor-spacer\">\n\t\t\t<div class=\"elementor-spacer-inner\"><\/div>\n\t\t<\/div>\n\t\t\t\t<\/div>\n\t\t\t\t<\/div>\n\t\t\t\t<div class=\"elementor-element elementor-element-2d365b5 elementor-widget elementor-widget-heading\" data-id=\"2d365b5\" data-element_type=\"widget\" data-settings=\"{&quot;ekit_we_effect_on&quot;:&quot;none&quot;}\" data-widget_type=\"heading.default\">\n\t\t\t\t<div class=\"elementor-widget-container\">\n\t\t\t<h3 class=\"elementor-heading-title elementor-size-default\">Untersuchungen<\/h3>\t\t<\/div>\n\t\t\t\t<\/div>\n\t\t\t\t<div class=\"elementor-element elementor-element-70ba5af elementor-widget elementor-widget-elementskit-page-list\" data-id=\"70ba5af\" data-element_type=\"widget\" data-settings=\"{&quot;ekit_we_effect_on&quot;:&quot;none&quot;}\" data-widget_type=\"elementskit-page-list.default\">\n\t\t\t\t<div class=\"elementor-widget-container\">\n\t\t\t<div class=\"ekit-wid-con\" >\t\t<div class=\"elementor-icon-list-items\">\n\t\t\t\t\t\t\t<div class=\"elementor-icon-list-item\" >\n\t\t\t\t\t<a  target=\"_self\" rel=\"\"  href=\"https:\/\/medicinski-center.si\/de\/storitve\/ultrazvok-trebuha\/\" class=\"elementor-repeater-item-5e4f45e ekit_badge_left\">\n\t\t\t\t\t\t<div class=\"ekit_page_list_content\">\n\t\t\t\t\t\t\t\t\t\t\t\t\t\t\t<span class=\"elementor-icon-list-icon\">\n\t\t\t\t\t\t\t\t\t<i aria-hidden=\"true\" class=\"fas fa-arrow-right\"><\/i>\t\t\t\t\t\t\t\t<\/span>\n\t\t\t\t\t\t\t\t\t\t\t\t\t\t<span class=\"elementor-icon-list-text\">\n\t\t\t\t\t\t\t\t<span class=\"ekit_page_list_title_title\">Bauchorgane<\/span>\n\t\t\t\t\t\t\t\t\t\t\t\t\t\t\t<\/span>\n\t\t\t\t\t\t<\/div>\n\t\t\t\t\t\t\t\t\t\t\t<\/a>\n\t\t\t\t<\/div>\n\t\t\t\t\t\t\t\t<div class=\"elementor-icon-list-item\" >\n\t\t\t\t\t<a  target=\"_self\" rel=\"\"  href=\"https:\/\/medicinski-center.si\/de\/storitve\/ultrazvocni-pregled-ven-spodnjih-okoncin\/\" class=\"elementor-repeater-item-0506eb3 ekit_badge_left\">\n\t\t\t\t\t\t<div class=\"ekit_page_list_content\">\n\t\t\t\t\t\t\t\t\t\t\t\t\t\t\t<span class=\"elementor-icon-list-icon\">\n\t\t\t\t\t\t\t\t\t<i aria-hidden=\"true\" class=\"fas fa-arrow-right\"><\/i>\t\t\t\t\t\t\t\t<\/span>\n\t\t\t\t\t\t\t\t\t\t\t\t\t\t<span class=\"elementor-icon-list-text\">\n\t\t\t\t\t\t\t\t<span class=\"ekit_page_list_title_title\">Ultraschalluntersuchungen der unteren Extremit\u00e4ten<\/span>\n\t\t\t\t\t\t\t\t\t\t\t\t\t\t\t<\/span>\n\t\t\t\t\t\t<\/div>\n\t\t\t\t\t\t\t\t\t\t\t<\/a>\n\t\t\t\t<\/div>\n\t\t\t\t\t\t\t\t<div class=\"elementor-icon-list-item\" >\n\t\t\t\t\t<a  target=\"_self\" rel=\"\"  href=\"https:\/\/medicinski-center.si\/de\/storitve\/ultrazvocni-pregled-mehkih-tkiv\/\" class=\"elementor-repeater-item-8717ad6 ekit_badge_left\">\n\t\t\t\t\t\t<div class=\"ekit_page_list_content\">\n\t\t\t\t\t\t\t\t\t\t\t\t\t\t\t<span class=\"elementor-icon-list-icon\">\n\t\t\t\t\t\t\t\t\t<i aria-hidden=\"true\" class=\"fas fa-arrow-right\"><\/i>\t\t\t\t\t\t\t\t<\/span>\n\t\t\t\t\t\t\t\t\t\t\t\t\t\t<span class=\"elementor-icon-list-text\">\n\t\t\t\t\t\t\t\t<span class=\"ekit_page_list_title_title\">Ultraschalluntersuchung des Weichgewebes (Muskel)<\/span>\n\t\t\t\t\t\t\t\t\t\t\t\t\t\t\t<\/span>\n\t\t\t\t\t\t<\/div>\n\t\t\t\t\t\t\t\t\t\t\t<\/a>\n\t\t\t\t<\/div>\n\t\t\t\t\t\t\t\t<div class=\"elementor-icon-list-item\" >\n\t\t\t\t\t<a  target=\"_self\" rel=\"\"  href=\"https:\/\/medicinski-center.si\/de\/storitve\/ultrazvocni-pregled-dojk\/\" class=\"elementor-repeater-item-7fe4b50 ekit_badge_left\">\n\t\t\t\t\t\t<div class=\"ekit_page_list_content\">\n\t\t\t\t\t\t\t\t\t\t\t\t\t\t\t<span class=\"elementor-icon-list-icon\">\n\t\t\t\t\t\t\t\t\t<i aria-hidden=\"true\" class=\"fas fa-arrow-right\"><\/i>\t\t\t\t\t\t\t\t<\/span>\n\t\t\t\t\t\t\t\t\t\t\t\t\t\t<span class=\"elementor-icon-list-text\">\n\t\t\t\t\t\t\t\t<span class=\"ekit_page_list_title_title\">Ultraschalluntersuchung der Brust<\/span>\n\t\t\t\t\t\t\t\t\t\t\t\t\t\t\t<\/span>\n\t\t\t\t\t\t<\/div>\n\t\t\t\t\t\t\t\t\t\t\t<\/a>\n\t\t\t\t<\/div>\n\t\t\t\t\t\t\t\t<div class=\"elementor-icon-list-item\" >\n\t\t\t\t\t<a  target=\"_self\" rel=\"\"  href=\"https:\/\/medicinski-center.si\/de\/storitve\/ultrazvocni-pregled-testisov-mod\/\" class=\"elementor-repeater-item-91c9cb9 ekit_badge_left\">\n\t\t\t\t\t\t<div class=\"ekit_page_list_content\">\n\t\t\t\t\t\t\t\t\t\t\t\t\t\t\t<span class=\"elementor-icon-list-icon\">\n\t\t\t\t\t\t\t\t\t<i aria-hidden=\"true\" class=\"fas fa-arrow-right\"><\/i>\t\t\t\t\t\t\t\t<\/span>\n\t\t\t\t\t\t\t\t\t\t\t\t\t\t<span class=\"elementor-icon-list-text\">\n\t\t\t\t\t\t\t\t<span class=\"ekit_page_list_title_title\">Testikel (Hoden)<\/span>\n\t\t\t\t\t\t\t\t\t\t\t\t\t\t\t<\/span>\n\t\t\t\t\t\t<\/div>\n\t\t\t\t\t\t\t\t\t\t\t<\/a>\n\t\t\t\t<\/div>\n\t\t\t\t\t\t\t\t<div class=\"elementor-icon-list-item\" >\n\t\t\t\t\t<a  target=\"_self\" rel=\"\"  href=\"https:\/\/medicinski-center.si\/de\/storitve\/ultrazvocni-pregled-vratnih-arterij\/\" class=\"elementor-repeater-item-746cc7b ekit_badge_left\">\n\t\t\t\t\t\t<div class=\"ekit_page_list_content\">\n\t\t\t\t\t\t\t\t\t\t\t\t\t\t\t<span class=\"elementor-icon-list-icon\">\n\t\t\t\t\t\t\t\t\t<i aria-hidden=\"true\" class=\"fas fa-arrow-right\"><\/i>\t\t\t\t\t\t\t\t<\/span>\n\t\t\t\t\t\t\t\t\t\t\t\t\t\t<span class=\"elementor-icon-list-text\">\n\t\t\t\t\t\t\t\t<span class=\"ekit_page_list_title_title\">Hals und Schilddr\u00fcse<\/span>\n\t\t\t\t\t\t\t\t\t\t\t\t\t\t\t<\/span>\n\t\t\t\t\t\t<\/div>\n\t\t\t\t\t\t\t\t\t\t\t<\/a>\n\t\t\t\t<\/div>\n\t\t\t\t\t\t\t\t<div class=\"elementor-icon-list-item\" >\n\t\t\t\t\t<a  target=\"_self\" rel=\"\"  href=\"https:\/\/medicinski-center.si\/de\/storitve\/sklerozacija-krcnih-zil-varic\/\" class=\"elementor-repeater-item-bebe24a ekit_badge_left\">\n\t\t\t\t\t\t<div class=\"ekit_page_list_content\">\n\t\t\t\t\t\t\t\t\t\t\t\t\t\t\t<span class=\"elementor-icon-list-icon\">\n\t\t\t\t\t\t\t\t\t<i aria-hidden=\"true\" class=\"fas fa-arrow-right\"><\/i>\t\t\t\t\t\t\t\t<\/span>\n\t\t\t\t\t\t\t\t\t\t\t\t\t\t<span class=\"elementor-icon-list-text\">\n\t\t\t\t\t\t\t\t<span class=\"ekit_page_list_title_title\">Sklerozacija kr\u010dnih \u017eil (varic)<\/span>\n\t\t\t\t\t\t\t\t\t\t\t\t\t\t\t<\/span>\n\t\t\t\t\t\t<\/div>\n\t\t\t\t\t\t\t\t\t\t\t<\/a>\n\t\t\t\t<\/div>\n\t\t\t\t\t\t\t\t<div class=\"elementor-icon-list-item\" >\n\t\t\t\t\t<a  target=\"_self\" rel=\"\"  href=\"https:\/\/medicinski-center.si\/de\/storitve\/svetovanje-na-podrocju-splosne-kirurgije\/\" class=\"elementor-repeater-item-0590d10 ekit_badge_left\">\n\t\t\t\t\t\t<div class=\"ekit_page_list_content\">\n\t\t\t\t\t\t\t\t\t\t\t\t\t\t\t<span class=\"elementor-icon-list-icon\">\n\t\t\t\t\t\t\t\t\t<i aria-hidden=\"true\" class=\"fas fa-arrow-right\"><\/i>\t\t\t\t\t\t\t\t<\/span>\n\t\t\t\t\t\t\t\t\t\t\t\t\t\t<span class=\"elementor-icon-list-text\">\n\t\t\t\t\t\t\t\t<span class=\"ekit_page_list_title_title\">Svetovanje na podro\u010dju splo\u0161ne kirurgije<\/span>\n\t\t\t\t\t\t\t\t\t\t\t\t\t\t\t<\/span>\n\t\t\t\t\t\t<\/div>\n\t\t\t\t\t\t\t\t\t\t\t<\/a>\n\t\t\t\t<\/div>\n\t\t\t\t\t\t<\/div>\n\t\t<\/div>\t\t<\/div>\n\t\t\t\t<\/div>\n\t\t\t\t\t\t<\/div>\n\t\t\t\t\t<\/div>\n\t\t<\/div>\n\t\t\t\t\t\t\t\t<\/div>\n\t\t\t\t\t<\/div>\n\t\t<\/section>\n\t\t\t\t\t\t\t\t\t<\/div>\n\t\t\t<\/div>\n\t\t\t\t\t<\/div>","protected":false},"excerpt":{"rendered":"<p>Ultrazvo\u010dni pregled dojk Pri ultrazvo\u010dni preiskavi dojk prei\u0161\u010demo dojko in pazduhi obojestransko. Ultrazvok dojk je preiskava, ki je primerna za odkrivanje raka na dojkah tudi pri \u017eenskah mlaj\u0161ih od 35 let. Prav tako je pomembno, da je tak\u0161en pregled primeren za nose\u010dnice, saj ni ionizirajo\u010dega \u017ear\u010denja in je tak\u0161na preiskava povsem nenevarna za pacienta. Pregled [&hellip;]<\/p>","protected":false},"author":1,"featured_media":0,"parent":6132,"menu_order":0,"comment_status":"closed","ping_status":"closed","template":"","meta":[],"_links":{"self":[{"href":"https:\/\/medicinski-center.si\/de\/wp-json\/wp\/v2\/pages\/6098"}],"collection":[{"href":"https:\/\/medicinski-center.si\/de\/wp-json\/wp\/v2\/pages"}],"about":[{"href":"https:\/\/medicinski-center.si\/de\/wp-json\/wp\/v2\/types\/page"}],"author":[{"embeddable":true,"href":"https:\/\/medicinski-center.si\/de\/wp-json\/wp\/v2\/users\/1"}],"replies":[{"embeddable":true,"href":"https:\/\/medicinski-center.si\/de\/wp-json\/wp\/v2\/comments?post=6098"}],"version-history":[{"count":13,"href":"https:\/\/medicinski-center.si\/de\/wp-json\/wp\/v2\/pages\/6098\/revisions"}],"predecessor-version":[{"id":6741,"href":"https:\/\/medicinski-center.si\/de\/wp-json\/wp\/v2\/pages\/6098\/revisions\/6741"}],"up":[{"embeddable":true,"href":"https:\/\/medicinski-center.si\/de\/wp-json\/wp\/v2\/pages\/6132"}],"wp:attachment":[{"href":"https:\/\/medicinski-center.si\/de\/wp-json\/wp\/v2\/media?parent=6098"}],"curies":[{"name":"wp","href":"https:\/\/api.w.org\/{rel}","templated":true}]}}