{"id":6124,"date":"2021-08-17T12:59:39","date_gmt":"2021-08-17T12:59:39","guid":{"rendered":"https:\/\/medicinski-center.si\/?page_id=6124"},"modified":"2021-11-09T08:38:38","modified_gmt":"2021-11-09T08:38:38","slug":"svetovanje-na-podrocju-splosne-kirurgije","status":"publish","type":"page","link":"https:\/\/medicinski-center.si\/de\/storitve\/svetovanje-na-podrocju-splosne-kirurgije\/","title":{"rendered":"Svetovanje na podro\u010dju splo\u0161ne kirurgije"},"content":{"rendered":"<div data-elementor-type=\"wp-page\" data-elementor-id=\"6124\" class=\"elementor elementor-6124\">\n\t\t\t\t\t\t<div class=\"elementor-inner\">\n\t\t\t\t<div class=\"elementor-section-wrap\">\n\t\t\t\t\t\t\t\t\t<section class=\"elementor-section elementor-top-section elementor-element elementor-element-20e9902 elementor-section-full_width elementor-section-stretched elementor-section-height-default elementor-section-height-default\" data-id=\"20e9902\" data-element_type=\"section\" data-settings=\"{&quot;stretch_section&quot;:&quot;section-stretched&quot;,&quot;background_background&quot;:&quot;classic&quot;,&quot;ekit_has_onepagescroll_dot&quot;:&quot;yes&quot;}\">\n\t\t\t\t\t\t<div class=\"elementor-container elementor-column-gap-default\">\n\t\t\t\t\t\t\t<div class=\"elementor-row\">\n\t\t\t\t\t<div class=\"elementor-column elementor-col-100 elementor-top-column elementor-element elementor-element-b8211bf\" data-id=\"b8211bf\" data-element_type=\"column\" data-settings=\"{&quot;background_background&quot;:&quot;classic&quot;}\">\n\t\t\t<div class=\"elementor-column-wrap elementor-element-populated\">\n\t\t\t\t\t\t\t<div class=\"elementor-widget-wrap\">\n\t\t\t\t\t\t<div class=\"elementor-element elementor-element-a8976f8 elementor-widget elementor-widget-spacer\" data-id=\"a8976f8\" data-element_type=\"widget\" data-settings=\"{&quot;ekit_we_effect_on&quot;:&quot;none&quot;}\" data-widget_type=\"spacer.default\">\n\t\t\t\t<div class=\"elementor-widget-container\">\n\t\t\t\t\t<div class=\"elementor-spacer\">\n\t\t\t<div class=\"elementor-spacer-inner\"><\/div>\n\t\t<\/div>\n\t\t\t\t<\/div>\n\t\t\t\t<\/div>\n\t\t\t\t<div class=\"elementor-element elementor-element-eede144 elementor-widget elementor-widget-heading\" data-id=\"eede144\" data-element_type=\"widget\" data-settings=\"{&quot;ekit_we_effect_on&quot;:&quot;none&quot;}\" data-widget_type=\"heading.default\">\n\t\t\t\t<div class=\"elementor-widget-container\">\n\t\t\t<h2 class=\"elementor-heading-title elementor-size-default\">Svetovanje na podro\u010dju splo\u0161ne kirurgije<\/h2>\t\t<\/div>\n\t\t\t\t<\/div>\n\t\t\t\t<div class=\"elementor-element elementor-element-da66d13 elementor-widget elementor-widget-spacer\" data-id=\"da66d13\" data-element_type=\"widget\" data-settings=\"{&quot;ekit_we_effect_on&quot;:&quot;none&quot;}\" data-widget_type=\"spacer.default\">\n\t\t\t\t<div class=\"elementor-widget-container\">\n\t\t\t\t\t<div class=\"elementor-spacer\">\n\t\t\t<div class=\"elementor-spacer-inner\"><\/div>\n\t\t<\/div>\n\t\t\t\t<\/div>\n\t\t\t\t<\/div>\n\t\t\t\t\t\t<\/div>\n\t\t\t\t\t<\/div>\n\t\t<\/div>\n\t\t\t\t\t\t\t\t<\/div>\n\t\t\t\t\t<\/div>\n\t\t<\/section>\n\t\t\t\t<section class=\"elementor-section elementor-top-section elementor-element elementor-element-828fb97 elementor-section-boxed elementor-section-height-default elementor-section-height-default\" data-id=\"828fb97\" data-element_type=\"section\" data-settings=\"{&quot;ekit_has_onepagescroll_dot&quot;:&quot;yes&quot;}\">\n\t\t\t\t\t\t<div class=\"elementor-container elementor-column-gap-default\">\n\t\t\t\t\t\t\t<div class=\"elementor-row\">\n\t\t\t\t\t<div class=\"elementor-column elementor-col-66 elementor-top-column elementor-element elementor-element-abd7857\" data-id=\"abd7857\" data-element_type=\"column\">\n\t\t\t<div class=\"elementor-column-wrap elementor-element-populated\">\n\t\t\t\t\t\t\t<div class=\"elementor-widget-wrap\">\n\t\t\t\t\t\t<div class=\"elementor-element elementor-element-d112a41 elementor-widget elementor-widget-spacer\" data-id=\"d112a41\" data-element_type=\"widget\" data-settings=\"{&quot;ekit_we_effect_on&quot;:&quot;none&quot;}\" data-widget_type=\"spacer.default\">\n\t\t\t\t<div class=\"elementor-widget-container\">\n\t\t\t\t\t<div class=\"elementor-spacer\">\n\t\t\t<div class=\"elementor-spacer-inner\"><\/div>\n\t\t<\/div>\n\t\t\t\t<\/div>\n\t\t\t\t<\/div>\n\t\t\t\t<div class=\"elementor-element elementor-element-c5ab6f3 elementor-widget elementor-widget-text-editor\" data-id=\"c5ab6f3\" data-element_type=\"widget\" data-settings=\"{&quot;ekit_we_effect_on&quot;:&quot;none&quot;}\" data-widget_type=\"text-editor.default\">\n\t\t\t\t<div class=\"elementor-widget-container\">\n\t\t\t\t\t\t\t\t<div class=\"elementor-text-editor elementor-clearfix\">\n\t\t\t\t<div>S svojimi strokovnimi izku\u0161njami na podro\u010dju kirur\u0161ke diagnostike in terapije, pridobljenimi med dolgoletnim delom na kirur\u0161kem oddelku bolni\u0161nice v Slovenj Gradcu, pacientom po klini\u010dnem pregledu svetujem dodatne preiskave, potrebno konzervativno ali operativno zdravljenje.<\/div><div>\u00a0<\/div><div>Wir helfen Ihnen mit einem Vorstellungsgespr\u00e4ch, in dem wir versuchen, m\u00f6glichst viele\nIhrer Fragen aus dem Bereich der Beratung im Bereich der Allgemeinchirurgie zu\nbeantworten.<\/div><div>\u00a0<\/div><div>\u2013 obolenja in po\u0161kodbe sklepov, mi\u0161ic, tetiv \u2013 rok, komolcev, ramen, kolen, stopal, gle\u017enjev in hrbtenice, \u2013 \u0161portne po\u0161kodbe, \u2013 bolezni dojk \u2013 bolezni trebu\u0161nih organov, \u2013 kile<\/div><div>\u00a0<\/div><div>Posvetim se va\u0161im vpra\u0161anjem, saj si dol\u017eino pogovora izberete vi sami.<\/div><div>\u00a0<\/div><div>Svetujem vam, kako ohranjati in krepiti zdravje, se boriti s stresom in izgorelostjo.<\/div><div>\u00a0<\/div><div>Na podlagi poglobljenega pogovora z vami, klini\u010dnega pregleda in pregleda va\u0161e dosedanje dokumentacije vam pomagam pri ozave\u0161\u010danju o lastni odgovornosti do zdravja.<\/div>\t\t\t\t\t<\/div>\n\t\t\t\t\t\t<\/div>\n\t\t\t\t<\/div>\n\t\t\t\t<div class=\"elementor-element elementor-element-a7313ba elementor-widget elementor-widget-spacer\" data-id=\"a7313ba\" data-element_type=\"widget\" data-settings=\"{&quot;ekit_we_effect_on&quot;:&quot;none&quot;}\" data-widget_type=\"spacer.default\">\n\t\t\t\t<div class=\"elementor-widget-container\">\n\t\t\t\t\t<div class=\"elementor-spacer\">\n\t\t\t<div class=\"elementor-spacer-inner\"><\/div>\n\t\t<\/div>\n\t\t\t\t<\/div>\n\t\t\t\t<\/div>\n\t\t\t\t\t\t<\/div>\n\t\t\t\t\t<\/div>\n\t\t<\/div>\n\t\t\t\t<div class=\"elementor-column elementor-col-33 elementor-top-column elementor-element elementor-element-0661f65\" data-id=\"0661f65\" data-element_type=\"column\">\n\t\t\t<div class=\"elementor-column-wrap elementor-element-populated\">\n\t\t\t\t\t\t\t<div class=\"elementor-widget-wrap\">\n\t\t\t\t\t\t<div class=\"elementor-element elementor-element-4166b90 elementor-widget elementor-widget-spacer\" data-id=\"4166b90\" data-element_type=\"widget\" data-settings=\"{&quot;ekit_we_effect_on&quot;:&quot;none&quot;}\" data-widget_type=\"spacer.default\">\n\t\t\t\t<div class=\"elementor-widget-container\">\n\t\t\t\t\t<div class=\"elementor-spacer\">\n\t\t\t<div class=\"elementor-spacer-inner\"><\/div>\n\t\t<\/div>\n\t\t\t\t<\/div>\n\t\t\t\t<\/div>\n\t\t\t\t<div class=\"elementor-element elementor-element-2d365b5 elementor-widget elementor-widget-heading\" data-id=\"2d365b5\" data-element_type=\"widget\" data-settings=\"{&quot;ekit_we_effect_on&quot;:&quot;none&quot;}\" data-widget_type=\"heading.default\">\n\t\t\t\t<div class=\"elementor-widget-container\">\n\t\t\t<h3 class=\"elementor-heading-title elementor-size-default\">Untersuchungen<\/h3>\t\t<\/div>\n\t\t\t\t<\/div>\n\t\t\t\t<div class=\"elementor-element elementor-element-b27b09c elementor-widget elementor-widget-elementskit-page-list\" data-id=\"b27b09c\" data-element_type=\"widget\" data-settings=\"{&quot;ekit_we_effect_on&quot;:&quot;none&quot;}\" data-widget_type=\"elementskit-page-list.default\">\n\t\t\t\t<div class=\"elementor-widget-container\">\n\t\t\t<div class=\"ekit-wid-con\" >\t\t<div class=\"elementor-icon-list-items\">\n\t\t\t\t\t\t\t<div class=\"elementor-icon-list-item\" >\n\t\t\t\t\t<a  target=\"_self\" rel=\"\"  href=\"https:\/\/medicinski-center.si\/de\/storitve\/ultrazvok-trebuha\/\" class=\"elementor-repeater-item-5e4f45e ekit_badge_left\">\n\t\t\t\t\t\t<div class=\"ekit_page_list_content\">\n\t\t\t\t\t\t\t\t\t\t\t\t\t\t\t<span class=\"elementor-icon-list-icon\">\n\t\t\t\t\t\t\t\t\t<i aria-hidden=\"true\" class=\"fas fa-arrow-right\"><\/i>\t\t\t\t\t\t\t\t<\/span>\n\t\t\t\t\t\t\t\t\t\t\t\t\t\t<span class=\"elementor-icon-list-text\">\n\t\t\t\t\t\t\t\t<span class=\"ekit_page_list_title_title\">Bauchorgane<\/span>\n\t\t\t\t\t\t\t\t\t\t\t\t\t\t\t<\/span>\n\t\t\t\t\t\t<\/div>\n\t\t\t\t\t\t\t\t\t\t\t<\/a>\n\t\t\t\t<\/div>\n\t\t\t\t\t\t\t\t<div class=\"elementor-icon-list-item\" >\n\t\t\t\t\t<a  target=\"_self\" rel=\"\"  href=\"https:\/\/medicinski-center.si\/de\/storitve\/ultrazvocni-pregled-ven-spodnjih-okoncin\/\" class=\"elementor-repeater-item-0506eb3 ekit_badge_left\">\n\t\t\t\t\t\t<div class=\"ekit_page_list_content\">\n\t\t\t\t\t\t\t\t\t\t\t\t\t\t\t<span class=\"elementor-icon-list-icon\">\n\t\t\t\t\t\t\t\t\t<i aria-hidden=\"true\" class=\"fas fa-arrow-right\"><\/i>\t\t\t\t\t\t\t\t<\/span>\n\t\t\t\t\t\t\t\t\t\t\t\t\t\t<span class=\"elementor-icon-list-text\">\n\t\t\t\t\t\t\t\t<span class=\"ekit_page_list_title_title\">Ultraschalluntersuchungen der unteren Extremit\u00e4ten<\/span>\n\t\t\t\t\t\t\t\t\t\t\t\t\t\t\t<\/span>\n\t\t\t\t\t\t<\/div>\n\t\t\t\t\t\t\t\t\t\t\t<\/a>\n\t\t\t\t<\/div>\n\t\t\t\t\t\t\t\t<div class=\"elementor-icon-list-item\" >\n\t\t\t\t\t<a  target=\"_self\" rel=\"\"  href=\"https:\/\/medicinski-center.si\/de\/storitve\/ultrazvocni-pregled-mehkih-tkiv\/\" class=\"elementor-repeater-item-8717ad6 ekit_badge_left\">\n\t\t\t\t\t\t<div class=\"ekit_page_list_content\">\n\t\t\t\t\t\t\t\t\t\t\t\t\t\t\t<span class=\"elementor-icon-list-icon\">\n\t\t\t\t\t\t\t\t\t<i aria-hidden=\"true\" class=\"fas fa-arrow-right\"><\/i>\t\t\t\t\t\t\t\t<\/span>\n\t\t\t\t\t\t\t\t\t\t\t\t\t\t<span class=\"elementor-icon-list-text\">\n\t\t\t\t\t\t\t\t<span class=\"ekit_page_list_title_title\">Ultraschalluntersuchung des Weichgewebes (Muskel)<\/span>\n\t\t\t\t\t\t\t\t\t\t\t\t\t\t\t<\/span>\n\t\t\t\t\t\t<\/div>\n\t\t\t\t\t\t\t\t\t\t\t<\/a>\n\t\t\t\t<\/div>\n\t\t\t\t\t\t\t\t<div class=\"elementor-icon-list-item\" >\n\t\t\t\t\t<a  target=\"_self\" rel=\"\"  href=\"https:\/\/medicinski-center.si\/de\/storitve\/ultrazvocni-pregled-dojk\/\" class=\"elementor-repeater-item-7fe4b50 ekit_badge_left\">\n\t\t\t\t\t\t<div class=\"ekit_page_list_content\">\n\t\t\t\t\t\t\t\t\t\t\t\t\t\t\t<span class=\"elementor-icon-list-icon\">\n\t\t\t\t\t\t\t\t\t<i aria-hidden=\"true\" class=\"fas fa-arrow-right\"><\/i>\t\t\t\t\t\t\t\t<\/span>\n\t\t\t\t\t\t\t\t\t\t\t\t\t\t<span class=\"elementor-icon-list-text\">\n\t\t\t\t\t\t\t\t<span class=\"ekit_page_list_title_title\">Ultraschalluntersuchung der Brust<\/span>\n\t\t\t\t\t\t\t\t\t\t\t\t\t\t\t<\/span>\n\t\t\t\t\t\t<\/div>\n\t\t\t\t\t\t\t\t\t\t\t<\/a>\n\t\t\t\t<\/div>\n\t\t\t\t\t\t\t\t<div class=\"elementor-icon-list-item\" >\n\t\t\t\t\t<a  target=\"_self\" rel=\"\"  href=\"https:\/\/medicinski-center.si\/de\/storitve\/ultrazvocni-pregled-testisov-mod\/\" class=\"elementor-repeater-item-91c9cb9 ekit_badge_left\">\n\t\t\t\t\t\t<div class=\"ekit_page_list_content\">\n\t\t\t\t\t\t\t\t\t\t\t\t\t\t\t<span class=\"elementor-icon-list-icon\">\n\t\t\t\t\t\t\t\t\t<i aria-hidden=\"true\" class=\"fas fa-arrow-right\"><\/i>\t\t\t\t\t\t\t\t<\/span>\n\t\t\t\t\t\t\t\t\t\t\t\t\t\t<span class=\"elementor-icon-list-text\">\n\t\t\t\t\t\t\t\t<span class=\"ekit_page_list_title_title\">Testikel (Hoden)<\/span>\n\t\t\t\t\t\t\t\t\t\t\t\t\t\t\t<\/span>\n\t\t\t\t\t\t<\/div>\n\t\t\t\t\t\t\t\t\t\t\t<\/a>\n\t\t\t\t<\/div>\n\t\t\t\t\t\t\t\t<div class=\"elementor-icon-list-item\" >\n\t\t\t\t\t<a  target=\"_self\" rel=\"\"  href=\"https:\/\/medicinski-center.si\/de\/storitve\/ultrazvocni-pregled-vratnih-arterij\/\" class=\"elementor-repeater-item-746cc7b ekit_badge_left\">\n\t\t\t\t\t\t<div class=\"ekit_page_list_content\">\n\t\t\t\t\t\t\t\t\t\t\t\t\t\t\t<span class=\"elementor-icon-list-icon\">\n\t\t\t\t\t\t\t\t\t<i aria-hidden=\"true\" class=\"fas fa-arrow-right\"><\/i>\t\t\t\t\t\t\t\t<\/span>\n\t\t\t\t\t\t\t\t\t\t\t\t\t\t<span class=\"elementor-icon-list-text\">\n\t\t\t\t\t\t\t\t<span class=\"ekit_page_list_title_title\">Hals und Schilddr\u00fcse<\/span>\n\t\t\t\t\t\t\t\t\t\t\t\t\t\t\t<\/span>\n\t\t\t\t\t\t<\/div>\n\t\t\t\t\t\t\t\t\t\t\t<\/a>\n\t\t\t\t<\/div>\n\t\t\t\t\t\t\t\t<div class=\"elementor-icon-list-item\" >\n\t\t\t\t\t<a  target=\"_self\" rel=\"\"  href=\"https:\/\/medicinski-center.si\/de\/storitve\/sklerozacija-krcnih-zil-varic\/\" class=\"elementor-repeater-item-bebe24a ekit_badge_left\">\n\t\t\t\t\t\t<div class=\"ekit_page_list_content\">\n\t\t\t\t\t\t\t\t\t\t\t\t\t\t\t<span class=\"elementor-icon-list-icon\">\n\t\t\t\t\t\t\t\t\t<i aria-hidden=\"true\" class=\"fas fa-arrow-right\"><\/i>\t\t\t\t\t\t\t\t<\/span>\n\t\t\t\t\t\t\t\t\t\t\t\t\t\t<span class=\"elementor-icon-list-text\">\n\t\t\t\t\t\t\t\t<span class=\"ekit_page_list_title_title\">Sklerozacija kr\u010dnih \u017eil (varic)<\/span>\n\t\t\t\t\t\t\t\t\t\t\t\t\t\t\t<\/span>\n\t\t\t\t\t\t<\/div>\n\t\t\t\t\t\t\t\t\t\t\t<\/a>\n\t\t\t\t<\/div>\n\t\t\t\t\t\t\t\t<div class=\"elementor-icon-list-item\" >\n\t\t\t\t\t<a  target=\"_self\" rel=\"\"  href=\"https:\/\/medicinski-center.si\/de\/storitve\/svetovanje-na-podrocju-splosne-kirurgije\/\" class=\"elementor-repeater-item-0590d10 ekit_badge_left\">\n\t\t\t\t\t\t<div class=\"ekit_page_list_content\">\n\t\t\t\t\t\t\t\t\t\t\t\t\t\t\t<span class=\"elementor-icon-list-icon\">\n\t\t\t\t\t\t\t\t\t<i aria-hidden=\"true\" class=\"fas fa-arrow-right\"><\/i>\t\t\t\t\t\t\t\t<\/span>\n\t\t\t\t\t\t\t\t\t\t\t\t\t\t<span class=\"elementor-icon-list-text\">\n\t\t\t\t\t\t\t\t<span class=\"ekit_page_list_title_title\">Svetovanje na podro\u010dju splo\u0161ne kirurgije<\/span>\n\t\t\t\t\t\t\t\t\t\t\t\t\t\t\t<\/span>\n\t\t\t\t\t\t<\/div>\n\t\t\t\t\t\t\t\t\t\t\t<\/a>\n\t\t\t\t<\/div>\n\t\t\t\t\t\t<\/div>\n\t\t<\/div>\t\t<\/div>\n\t\t\t\t<\/div>\n\t\t\t\t\t\t<\/div>\n\t\t\t\t\t<\/div>\n\t\t<\/div>\n\t\t\t\t\t\t\t\t<\/div>\n\t\t\t\t\t<\/div>\n\t\t<\/section>\n\t\t\t\t\t\t\t\t\t<\/div>\n\t\t\t<\/div>\n\t\t\t\t\t<\/div>","protected":false},"excerpt":{"rendered":"<p>Svetovanje na podro\u010dju splo\u0161ne kirurgije S svojimi strokovnimi izku\u0161njami na podro\u010dju kirur\u0161ke diagnostike in terapije, pridobljenimi med dolgoletnim delom na kirur\u0161kem oddelku bolni\u0161nice v Slovenj Gradcu, pacientom po klini\u010dnem pregledu svetujem dodatne preiskave, potrebno konzervativno ali operativno zdravljenje.\u00a0Pri nas vam bomo pomagali z razgovorom, kjer bomo poizku\u0161ali odgovoriti na \u010dim ve\u010d va\u0161ih vpra\u0161anj s podro\u010dja [&hellip;]<\/p>","protected":false},"author":1,"featured_media":0,"parent":6132,"menu_order":0,"comment_status":"closed","ping_status":"closed","template":"","meta":[],"_links":{"self":[{"href":"https:\/\/medicinski-center.si\/de\/wp-json\/wp\/v2\/pages\/6124"}],"collection":[{"href":"https:\/\/medicinski-center.si\/de\/wp-json\/wp\/v2\/pages"}],"about":[{"href":"https:\/\/medicinski-center.si\/de\/wp-json\/wp\/v2\/types\/page"}],"author":[{"embeddable":true,"href":"https:\/\/medicinski-center.si\/de\/wp-json\/wp\/v2\/users\/1"}],"replies":[{"embeddable":true,"href":"https:\/\/medicinski-center.si\/de\/wp-json\/wp\/v2\/comments?post=6124"}],"version-history":[{"count":13,"href":"https:\/\/medicinski-center.si\/de\/wp-json\/wp\/v2\/pages\/6124\/revisions"}],"predecessor-version":[{"id":6762,"href":"https:\/\/medicinski-center.si\/de\/wp-json\/wp\/v2\/pages\/6124\/revisions\/6762"}],"up":[{"embeddable":true,"href":"https:\/\/medicinski-center.si\/de\/wp-json\/wp\/v2\/pages\/6132"}],"wp:attachment":[{"href":"https:\/\/medicinski-center.si\/de\/wp-json\/wp\/v2\/media?parent=6124"}],"curies":[{"name":"wp","href":"https:\/\/api.w.org\/{rel}","templated":true}]}}