{"id":6269,"date":"2021-08-18T12:22:38","date_gmt":"2021-08-18T12:22:38","guid":{"rendered":"https:\/\/medicinski-center.si\/?page_id=6269"},"modified":"2021-08-19T08:25:54","modified_gmt":"2021-08-19T08:25:54","slug":"slide","status":"publish","type":"page","link":"https:\/\/medicinski-center.si\/de\/slide\/","title":{"rendered":"Slide"},"content":{"rendered":"<div data-elementor-type=\"wp-page\" data-elementor-id=\"6269\" class=\"elementor elementor-6269\">\n\t\t\t\t\t\t<div class=\"elementor-inner\">\n\t\t\t\t<div class=\"elementor-section-wrap\">\n\t\t\t\t\t\t\t\t\t<section class=\"elementor-section elementor-top-section elementor-element elementor-element-ccfaf17 elementor-section-full_width elementor-section-height-full elementor-section-stretched elementor-section-height-default elementor-section-items-middle\" data-id=\"ccfaf17\" data-element_type=\"section\" data-settings=\"{&quot;stretch_section&quot;:&quot;section-stretched&quot;,&quot;ekit_has_onepagescroll_dot&quot;:&quot;yes&quot;}\">\n\t\t\t\t\t\t<div class=\"elementor-container elementor-column-gap-default\">\n\t\t\t\t\t\t\t<div class=\"elementor-row\">\n\t\t\t\t\t<div class=\"elementor-column elementor-col-100 elementor-top-column elementor-element elementor-element-610b869\" data-id=\"610b869\" data-element_type=\"column\">\n\t\t\t<div class=\"elementor-column-wrap elementor-element-populated\">\n\t\t\t\t\t\t\t<div class=\"elementor-widget-wrap\">\n\t\t\t\t\t\t<div class=\"elementor-element elementor-element-f1d46cb elementor-widget elementor-widget-html\" data-id=\"f1d46cb\" data-element_type=\"widget\" data-settings=\"{&quot;ekit_we_effect_on&quot;:&quot;none&quot;}\" data-widget_type=\"html.default\">\n\t\t\t\t<div class=\"elementor-widget-container\">\n\t\t\t<div id=\"fullpage\">\r\n    <div class=\"section\">\t\t<div data-elementor-type=\"section\" data-elementor-id=\"6275\" class=\"elementor elementor-6275\">\n\t\t\t\t\t<div class=\"elementor-section-wrap\">\n\t\t\t\t\t\t\t\t<section class=\"elementor-section elementor-top-section elementor-element elementor-element-1f85018 elementor-section-full_width elementor-section-height-full elementor-section-stretched elementor-section-height-default elementor-section-items-middle\" data-id=\"1f85018\" data-element_type=\"section\" data-settings=\"{&quot;stretch_section&quot;:&quot;section-stretched&quot;,&quot;ekit_has_onepagescroll_dot&quot;:&quot;yes&quot;}\">\n\t\t\t\t\t\t<div class=\"elementor-container elementor-column-gap-default\">\n\t\t\t\t\t\t\t<div class=\"elementor-row\">\n\t\t\t\t\t<div class=\"elementor-column elementor-col-100 elementor-top-column elementor-element elementor-element-d396097\" data-id=\"d396097\" data-element_type=\"column\">\n\t\t\t<div class=\"elementor-column-wrap elementor-element-populated\">\n\t\t\t\t\t\t\t<div class=\"elementor-widget-wrap\">\n\t\t\t\t\t\t<div class=\"elementor-element elementor-element-4a9e590 elementor-widget elementor-widget-slider_revolution\" data-id=\"4a9e590\" data-element_type=\"widget\" data-settings=\"{&quot;ekit_we_effect_on&quot;:&quot;none&quot;}\" data-widget_type=\"slider_revolution.default\">\n\t\t\t\t<div class=\"elementor-widget-container\">\n\t\t\t\n\t\t<div class=\"wp-block-themepunch-revslider\">\n\t\t\t<!-- START Home Slider 01 REVOLUTION SLIDER 6.5.6 --><p class=\"rs-p-wp-fix\"><\/p>\n\t\t\t<rs-module-wrap id=\"rev_slider_4_1_wrapper\" data-source=\"gallery\" style=\"visibility:hidden;background:transparent;padding:0;margin:0px auto;margin-top:0;margin-bottom:0;max-width:none;\">\n\t\t\t\t<rs-module id=\"rev_slider_4_1\" style=\"\" data-version=\"6.5.6\">\n\t\t\t\t\t<rs-slides>\n\t\t\t\t\t\t<rs-slide style=\"position: absolute;\" data-key=\"rs-9\" data-title=\"Slide\" data-anim=\"ms:210;\" data-in=\"o:0;y:(-100%);col:5;\" data-out=\"a:false;\">\n\t\t\t\t\t\t\t<img src=\"\/\/medicinski-center.si\/wp-content\/plugins\/revslider\/public\/assets\/assets\/dummy.png\" title=\"Slide\" class=\"rev-slidebg tp-rs-img rs-lazyload\" data-lazyload=\"\/\/medicinski-center.si\/wp-content\/plugins\/revslider\/public\/assets\/assets\/transparent.png\" data-no-retina>\n<!--\n\t\t\t\t\t\t\t--><rs-layer\n\t\t\t\t\t\t\t\tid=\"slider-4-slide-9-layer-0\" \n\t\t\t\t\t\t\t\tclass=\"rs-fsv rs-nolc rs-layer-video intrinsic-ignore\"\n\t\t\t\t\t\t\t\tdata-type=\"video\"\n\t\t\t\t\t\t\t\tdata-rsp_ch=\"on\"\n\t\t\t\t\t\t\t\tdata-xy=\"x:0;y:0;\"\n\t\t\t\t\t\t\t\tdata-text=\"w:normal;s:20,20,12,7;l:0,0,15,9;\"\n\t\t\t\t\t\t\t\tdata-dim=\"w:100%;h:100%;\"\n\t\t\t\t\t\t\t\tdata-actions='o:mouseenter;a:unmutevideo;layer:slider-4-slide-9-layer-0;'\n\t\t\t\t\t\t\t\tdata-basealign=\"slide\"\n\t\t\t\t\t\t\t\tdata-video=\"vfc:true;vd:90;sta:00:01;fc:true;do:1;l:true;ptimer:false;nse:f;inl:f;\"\n\t\t\t\t\t\t\t\tdata-mp4=\"\/\/medicinski-center.si\/wp-content\/uploads\/2021\/07\/mdc_popravljeno.mp4\"\n\t\t\t\t\t\t\t\tdata-frame_999=\"o:0;st:w;sR:8700;\"\n\t\t\t\t\t\t\t\tstyle=\"z-index:8;\"\n\t\t\t\t\t\t\t>\n\t\t\t\t\t\t\t<\/rs-layer><!--\n\n\t\t\t\t\t\t\t--><p\n\t\t\t\t\t\t\t\tid=\"slider-4-slide-9-layer-9\" \n\t\t\t\t\t\t\t\tclass=\"rs-layer\"\n\t\t\t\t\t\t\t\tdata-type=\"text\"\n\t\t\t\t\t\t\t\tdata-rsp_ch=\"on\"\n\t\t\t\t\t\t\t\tdata-xy=\"x:l,l,c,c;xo:49px,49px,0,1px;y:t,t,t,m;yo:338px,338px,255px,24px;\"\n\t\t\t\t\t\t\t\tdata-text=\"w:normal;s:17,17,16,17;l:27,27,27,22;a:inherit,inherit,center,center;\"\n\t\t\t\t\t\t\t\tdata-dim=\"w:50%,50%,587px,443px;\"\n\t\t\t\t\t\t\t\tdata-padding=\"r:0,0,0,15;\"\n\t\t\t\t\t\t\t\tdata-frame_0=\"x:left;o:1;\"\n\t\t\t\t\t\t\t\tdata-frame_1=\"e:power4.out;st:1720;sp:1600;sR:1720;\"\n\t\t\t\t\t\t\t\tdata-frame_999=\"o:0;st:w;sR:5680;\"\n\t\t\t\t\t\t\t\tstyle=\"z-index:9;font-family:'Roboto';\"\n\t\t\t\t\t\t\t>Mit der Mission, Menschen zu helfen, die Beratung, Hilfe oder Behandlung ben\u00f6tigen! Team von Medicinski center Ortolab \n\t\t\t\t\t\t\t<\/p><!--\n\n\t\t\t\t\t\t\t--><a\n\t\t\t\t\t\t\t\tid=\"slider-4-slide-9-layer-10\" \n\t\t\t\t\t\t\t\tclass=\"rs-layer banner-btn rev-btn\"\n\t\t\t\t\t\t\t\thref=\"https:\/\/medicinski-center.si\/de\/o-nas\/\" target=\"_self\"\n\t\t\t\t\t\t\t\tdata-type=\"button\"\n\t\t\t\t\t\t\t\tdata-color=\"#000000||#000000||#000000||rgba(255,255,255,1)\"\n\t\t\t\t\t\t\t\tdata-xy=\"x:l,l,c,c;xo:49px,49px,0,0;yo:421px,421px,391px,350px;\"\n\t\t\t\t\t\t\t\tdata-text=\"w:normal,normal,normal,nowrap;s:14,14,14,12;l:24,24,24,26;fw:700,700,700,500;a:inherit;\"\n\t\t\t\t\t\t\t\tdata-rsp_bd=\"off\"\n\t\t\t\t\t\t\t\tdata-padding=\"t:18,18,18,10;r:53,53,53,30;b:18,18,18,10;l:53,53,53,30;\"\n\t\t\t\t\t\t\t\tdata-border=\"bor:30px,30px,30px,30px;\"\n\t\t\t\t\t\t\t\tdata-frame_0=\"x:left;o:1;\"\n\t\t\t\t\t\t\t\tdata-frame_1=\"st:2200;sp:1160;sR:2200;\"\n\t\t\t\t\t\t\t\tdata-frame_999=\"o:0;st:w;sR:5640;\"\n\t\t\t\t\t\t\t\tdata-frame_hover=\"c:#fff;bgc:#c7c7cc;boc:#000;bor:30px,30px,30px,30px;bos:solid;oX:50;oY:50;sp:200ms;e:power3.out;\"\n\t\t\t\t\t\t\t\tstyle=\"z-index:10;background-color:#ffcc00;font-family:'Exo';cursor:pointer;\"\n\t\t\t\t\t\t\t>\u00dcBER UNS <i class=\"fa-angle-right\"><\/i> \n\t\t\t\t\t\t\t<\/a><!--\n\n\t\t\t\t\t\t\t--><rs-layer\n\t\t\t\t\t\t\t\tid=\"slider-4-slide-9-layer-12\" \n\t\t\t\t\t\t\t\tdata-type=\"text\"\n\t\t\t\t\t\t\t\tdata-rsp_ch=\"on\"\n\t\t\t\t\t\t\t\tdata-xy=\"x:l,l,c,c;xo:49px,49px,0,0;yo:186px,186px,134px,118px;\"\n\t\t\t\t\t\t\t\tdata-text=\"w:normal;s:54,54,34,34;l:64,64,44,44;fw:700;a:inherit,inherit,center,center;\"\n\t\t\t\t\t\t\t\tdata-dim=\"w:50%,50%,50%,412px;\"\n\t\t\t\t\t\t\t\tdata-frame_0=\"o:1;\"\n\t\t\t\t\t\t\t\tdata-frame_0_chars=\"d:5;x:50px;o:0;\"\n\t\t\t\t\t\t\t\tdata-frame_1=\"e:power4.inOut;sp:1970;sR:10;\"\n\t\t\t\t\t\t\t\tdata-frame_1_chars=\"d:5;\"\n\t\t\t\t\t\t\t\tdata-frame_999=\"o:0;st:w;sR:5320;\"\n\t\t\t\t\t\t\t\tstyle=\"z-index:11;font-family:'Exo';\"\n\t\t\t\t\t\t\t>Willkommen im Ortolab Medical Center \n\t\t\t\t\t\t\t<\/rs-layer><!--\n-->\t\t\t\t\t\t<\/rs-slide>\n\t\t\t\t\t<\/rs-slides>\n\t\t\t\t<\/rs-module>\n\t\t\t\t<script type=\"text\/javascript\">\n\t\t\t\t\tsetREVStartSize({c: 'rev_slider_4_1',rl:[1240,1240,778,480],el:[750,750,760,500],gw:[1240,1240,778,480],gh:[750,750,760,500],type:'standard',justify:'',layout:'fullwidth',mh:\"0\"});if (window.RS_MODULES!==undefined && window.RS_MODULES.modules!==undefined && window.RS_MODULES.modules[\"revslider41\"]!==undefined) {window.RS_MODULES.modules[\"revslider41\"].once = false;window.revapi4 = undefined;if (window.RS_MODULES.checkMinimal!==undefined) window.RS_MODULES.checkMinimal()}\n\t\t\t\t<\/script>\n\t\t\t<\/rs-module-wrap>\n\t\t\t<!-- END REVOLUTION SLIDER -->\n<\/div>\n\n\t\t\t\t<\/div>\n\t\t\t\t<\/div>\n\t\t\t\t\t\t<\/div>\n\t\t\t\t\t<\/div>\n\t\t<\/div>\n\t\t\t\t\t\t\t\t<\/div>\n\t\t\t\t\t<\/div>\n\t\t<\/section>\n\t\t\t\t\t\t\t<\/div>\n\t\t\t\t<\/div>\n\t\t<\/div>\r\n    <div class=\"section\"><\/div>\r\n    <div class=\"section\"><\/div>\r\n<\/div>\t\t<\/div>\n\t\t\t\t<\/div>\n\t\t\t\t\t\t<\/div>\n\t\t\t\t\t<\/div>\n\t\t<\/div>\n\t\t\t\t\t\t\t\t<\/div>\n\t\t\t\t\t<\/div>\n\t\t<\/section>\n\t\t\t\t\t\t\t\t\t<\/div>\n\t\t\t<\/div>\n\t\t\t\t\t<\/div>","protected":false},"excerpt":{"rendered":"S poslanstvom pomagati ljudem, ki potrebujejo nasvet, pomo\u010d ali zdravljenje! Ekipa Medicinsko diagnosti\u010dnega centra Ortolab O nas Dobrodo\u0161li v Medicinski center Ortolab","protected":false},"author":1,"featured_media":0,"parent":0,"menu_order":0,"comment_status":"closed","ping_status":"closed","template":"template\/template-home.php","meta":[],"_links":{"self":[{"href":"https:\/\/medicinski-center.si\/de\/wp-json\/wp\/v2\/pages\/6269"}],"collection":[{"href":"https:\/\/medicinski-center.si\/de\/wp-json\/wp\/v2\/pages"}],"about":[{"href":"https:\/\/medicinski-center.si\/de\/wp-json\/wp\/v2\/types\/page"}],"author":[{"embeddable":true,"href":"https:\/\/medicinski-center.si\/de\/wp-json\/wp\/v2\/users\/1"}],"replies":[{"embeddable":true,"href":"https:\/\/medicinski-center.si\/de\/wp-json\/wp\/v2\/comments?post=6269"}],"version-history":[{"count":7,"href":"https:\/\/medicinski-center.si\/de\/wp-json\/wp\/v2\/pages\/6269\/revisions"}],"predecessor-version":[{"id":6307,"href":"https:\/\/medicinski-center.si\/de\/wp-json\/wp\/v2\/pages\/6269\/revisions\/6307"}],"wp:attachment":[{"href":"https:\/\/medicinski-center.si\/de\/wp-json\/wp\/v2\/media?parent=6269"}],"curies":[{"name":"wp","href":"https:\/\/api.w.org\/{rel}","templated":true}]}}