{"id":6510,"date":"2021-09-30T09:46:10","date_gmt":"2021-09-30T09:46:10","guid":{"rendered":"https:\/\/medicinski-center.si\/?page_id=6510"},"modified":"2022-08-18T08:00:31","modified_gmt":"2022-08-18T08:00:31","slug":"prenatalni-testi","status":"publish","type":"page","link":"https:\/\/medicinski-center.si\/de\/ginekolosko-porodniska-ambulanta\/prenatalni-testi\/","title":{"rendered":"Nicht-invasiver Pr\u00e4natal Tests (NIPT)"},"content":{"rendered":"<div data-elementor-type=\"wp-page\" data-elementor-id=\"6510\" class=\"elementor elementor-6510\">\n\t\t\t\t\t\t<div class=\"elementor-inner\">\n\t\t\t\t<div class=\"elementor-section-wrap\">\n\t\t\t\t\t\t\t\t\t<section class=\"elementor-section elementor-top-section elementor-element elementor-element-20e9902 elementor-section-full_width elementor-section-stretched elementor-section-height-default elementor-section-height-default\" data-id=\"20e9902\" data-element_type=\"section\" data-settings=\"{&quot;stretch_section&quot;:&quot;section-stretched&quot;,&quot;background_background&quot;:&quot;classic&quot;,&quot;ekit_has_onepagescroll_dot&quot;:&quot;yes&quot;}\">\n\t\t\t\t\t\t<div class=\"elementor-container elementor-column-gap-default\">\n\t\t\t\t\t\t\t<div class=\"elementor-row\">\n\t\t\t\t\t<div class=\"elementor-column elementor-col-100 elementor-top-column elementor-element elementor-element-b8211bf\" data-id=\"b8211bf\" data-element_type=\"column\" data-settings=\"{&quot;background_background&quot;:&quot;classic&quot;}\">\n\t\t\t<div class=\"elementor-column-wrap elementor-element-populated\">\n\t\t\t\t\t\t\t<div class=\"elementor-widget-wrap\">\n\t\t\t\t\t\t<div class=\"elementor-element elementor-element-a8976f8 elementor-widget elementor-widget-spacer\" data-id=\"a8976f8\" data-element_type=\"widget\" data-settings=\"{&quot;ekit_we_effect_on&quot;:&quot;none&quot;}\" data-widget_type=\"spacer.default\">\n\t\t\t\t<div class=\"elementor-widget-container\">\n\t\t\t\t\t<div class=\"elementor-spacer\">\n\t\t\t<div class=\"elementor-spacer-inner\"><\/div>\n\t\t<\/div>\n\t\t\t\t<\/div>\n\t\t\t\t<\/div>\n\t\t\t\t<div class=\"elementor-element elementor-element-da66d13 elementor-widget elementor-widget-spacer\" data-id=\"da66d13\" data-element_type=\"widget\" data-settings=\"{&quot;ekit_we_effect_on&quot;:&quot;none&quot;}\" data-widget_type=\"spacer.default\">\n\t\t\t\t<div class=\"elementor-widget-container\">\n\t\t\t\t\t<div class=\"elementor-spacer\">\n\t\t\t<div class=\"elementor-spacer-inner\"><\/div>\n\t\t<\/div>\n\t\t\t\t<\/div>\n\t\t\t\t<\/div>\n\t\t\t\t\t\t<\/div>\n\t\t\t\t\t<\/div>\n\t\t<\/div>\n\t\t\t\t\t\t\t\t<\/div>\n\t\t\t\t\t<\/div>\n\t\t<\/section>\n\t\t\t\t<section class=\"elementor-section elementor-top-section elementor-element elementor-element-1082e04 elementor-section-boxed elementor-section-height-default elementor-section-height-default\" data-id=\"1082e04\" data-element_type=\"section\" data-settings=\"{&quot;ekit_has_onepagescroll_dot&quot;:&quot;yes&quot;}\">\n\t\t\t\t\t\t<div class=\"elementor-container elementor-column-gap-default\">\n\t\t\t\t\t\t\t<div class=\"elementor-row\">\n\t\t\t\t\t<div class=\"elementor-column elementor-col-50 elementor-top-column elementor-element elementor-element-36796a2\" data-id=\"36796a2\" data-element_type=\"column\">\n\t\t\t<div class=\"elementor-column-wrap elementor-element-populated\">\n\t\t\t\t\t\t\t<div class=\"elementor-widget-wrap\">\n\t\t\t\t\t\t<div class=\"elementor-element elementor-element-438dc6c elementor-view-default elementor-mobile-position-top elementor-vertical-align-top elementor-widget elementor-widget-icon-box\" data-id=\"438dc6c\" data-element_type=\"widget\" data-settings=\"{&quot;ekit_we_effect_on&quot;:&quot;none&quot;}\" data-widget_type=\"icon-box.default\">\n\t\t\t\t<div class=\"elementor-widget-container\">\n\t\t\t\t\t<div class=\"elementor-icon-box-wrapper\">\n\t\t\t\t\t\t<div class=\"elementor-icon-box-icon\">\n\t\t\t\t<a class=\"elementor-icon elementor-animation-\" href=\"https:\/\/medicinski-center.si\/de\/ginekolosko-porodniska-ambulanta\/prenatalni-testi\/nifty\/\">\n\t\t\t\t<i aria-hidden=\"true\" class=\"fas fa-baby\"><\/i>\t\t\t\t<\/a>\n\t\t\t<\/div>\n\t\t\t\t\t\t<div class=\"elementor-icon-box-content\">\n\t\t\t\t<h3 class=\"elementor-icon-box-title\">\n\t\t\t\t\t<a href=\"https:\/\/medicinski-center.si\/de\/ginekolosko-porodniska-ambulanta\/prenatalni-testi\/nifty\/\" >\n\t\t\t\t\t\tNIFTY\t\t\t\t\t<\/a>\n\t\t\t\t<\/h3>\n\t\t\t\t\t\t\t\t\t<p class=\"elementor-icon-box-description\">\n\t\t\t\t\t\tNIFTY je neinvazivni predrojstveni test, ki zazna genetske nepravilnosti otroka, kot so\nDownov, Edwardsov in Patauov sindrom \u017ee od 10. tedna nose\u010dnosti.\t\t\t\t\t<\/p>\n\t\t\t\t\t\t\t<\/div>\n\t\t<\/div>\n\t\t\t\t<\/div>\n\t\t\t\t<\/div>\n\t\t\t\t\t\t<\/div>\n\t\t\t\t\t<\/div>\n\t\t<\/div>\n\t\t\t\t<div class=\"elementor-column elementor-col-50 elementor-top-column elementor-element elementor-element-919cb26\" data-id=\"919cb26\" data-element_type=\"column\">\n\t\t\t<div class=\"elementor-column-wrap elementor-element-populated\">\n\t\t\t\t\t\t\t<div class=\"elementor-widget-wrap\">\n\t\t\t\t\t\t<div class=\"elementor-element elementor-element-602aa8e elementor-view-default elementor-mobile-position-top elementor-vertical-align-top elementor-widget elementor-widget-icon-box\" data-id=\"602aa8e\" data-element_type=\"widget\" data-settings=\"{&quot;ekit_we_effect_on&quot;:&quot;none&quot;}\" data-widget_type=\"icon-box.default\">\n\t\t\t\t<div class=\"elementor-widget-container\">\n\t\t\t\t\t<div class=\"elementor-icon-box-wrapper\">\n\t\t\t\t\t\t<div class=\"elementor-icon-box-icon\">\n\t\t\t\t<a class=\"elementor-icon elementor-animation-\" href=\"https:\/\/medicinski-center.si\/de\/ginekolosko-porodniska-ambulanta\/prenatalni-testi\/qualified\/\">\n\t\t\t\t<i aria-hidden=\"true\" class=\"fas fa-baby\"><\/i>\t\t\t\t<\/a>\n\t\t\t<\/div>\n\t\t\t\t\t\t<div class=\"elementor-icon-box-content\">\n\t\t\t\t<h3 class=\"elementor-icon-box-title\">\n\t\t\t\t\t<a href=\"https:\/\/medicinski-center.si\/de\/ginekolosko-porodniska-ambulanta\/prenatalni-testi\/qualified\/\" >\n\t\t\t\t\t\tQUALIFIED\t\t\t\t\t<\/a>\n\t\t\t\t<\/h3>\n\t\t\t\t\t\t\t\t\t<p class=\"elementor-icon-box-description\">\n\t\t\t\t\t\tPrenatalni test Quali\ufb01ed\u2122 360\u00b0 je presejalni test kromosomskih anomalij \u0161irokega obsega. Temelji na\npreverjeni Illumina platformi, Qualified\u2122 360\u00b0 prenatalni test nudi \u0161irok pogled in raz\u0161irjen panel, ki\nvklju\u010duje redke trisomije in monosomije avtosomnih kromosomov kot tudi klini\u010dno pomembnih\nmikrodelecij.\t\t\t\t\t<\/p>\n\t\t\t\t\t\t\t<\/div>\n\t\t<\/div>\n\t\t\t\t<\/div>\n\t\t\t\t<\/div>\n\t\t\t\t\t\t<\/div>\n\t\t\t\t\t<\/div>\n\t\t<\/div>\n\t\t\t\t\t\t\t\t<\/div>\n\t\t\t\t\t<\/div>\n\t\t<\/section>\n\t\t\t\t\t\t\t\t\t<\/div>\n\t\t\t<\/div>\n\t\t\t\t\t<\/div>","protected":false},"excerpt":{"rendered":"<p>NIFTY NIFTY je neinvazivni predrojstveni test, ki zazna genetske nepravilnosti otroka, kot so Downov, Edwardsov in Patauov sindrom \u017ee od 10. tedna nose\u010dnosti. QUALIFIED Prenatalni test Quali\ufb01ed\u2122 360\u00b0 je presejalni test kromosomskih anomalij \u0161irokega obsega. Temelji na preverjeni Illumina platformi, Qualified\u2122 360\u00b0 prenatalni test nudi \u0161irok pogled in raz\u0161irjen panel, ki vklju\u010duje redke trisomije in [&hellip;]<\/p>","protected":false},"author":1,"featured_media":0,"parent":5859,"menu_order":0,"comment_status":"closed","ping_status":"closed","template":"","meta":[],"_links":{"self":[{"href":"https:\/\/medicinski-center.si\/de\/wp-json\/wp\/v2\/pages\/6510"}],"collection":[{"href":"https:\/\/medicinski-center.si\/de\/wp-json\/wp\/v2\/pages"}],"about":[{"href":"https:\/\/medicinski-center.si\/de\/wp-json\/wp\/v2\/types\/page"}],"author":[{"embeddable":true,"href":"https:\/\/medicinski-center.si\/de\/wp-json\/wp\/v2\/users\/1"}],"replies":[{"embeddable":true,"href":"https:\/\/medicinski-center.si\/de\/wp-json\/wp\/v2\/comments?post=6510"}],"version-history":[{"count":32,"href":"https:\/\/medicinski-center.si\/de\/wp-json\/wp\/v2\/pages\/6510\/revisions"}],"predecessor-version":[{"id":6971,"href":"https:\/\/medicinski-center.si\/de\/wp-json\/wp\/v2\/pages\/6510\/revisions\/6971"}],"up":[{"embeddable":true,"href":"https:\/\/medicinski-center.si\/de\/wp-json\/wp\/v2\/pages\/5859"}],"wp:attachment":[{"href":"https:\/\/medicinski-center.si\/de\/wp-json\/wp\/v2\/media?parent=6510"}],"curies":[{"name":"wp","href":"https:\/\/api.w.org\/{rel}","templated":true}]}}