{"id":6529,"date":"2021-09-30T10:07:16","date_gmt":"2021-09-30T10:07:16","guid":{"rendered":"https:\/\/medicinski-center.si\/?page_id=6529"},"modified":"2025-08-11T05:51:25","modified_gmt":"2025-08-11T05:51:25","slug":"nifty","status":"publish","type":"page","link":"https:\/\/medicinski-center.si\/de\/ginekolosko-porodniska-ambulanta\/prenatalni-testi\/nifty\/","title":{"rendered":"Nifty"},"content":{"rendered":"<div data-elementor-type=\"wp-page\" data-elementor-id=\"6529\" class=\"elementor elementor-6529\">\n\t\t\t\t\t\t<div class=\"elementor-inner\">\n\t\t\t\t<div class=\"elementor-section-wrap\">\n\t\t\t\t\t\t\t\t\t<section class=\"elementor-section elementor-top-section elementor-element elementor-element-20e9902 elementor-section-full_width elementor-section-stretched elementor-section-height-default elementor-section-height-default\" data-id=\"20e9902\" data-element_type=\"section\" data-settings=\"{&quot;stretch_section&quot;:&quot;section-stretched&quot;,&quot;background_background&quot;:&quot;classic&quot;,&quot;ekit_has_onepagescroll_dot&quot;:&quot;yes&quot;}\">\n\t\t\t\t\t\t<div class=\"elementor-container elementor-column-gap-default\">\n\t\t\t\t\t\t\t<div class=\"elementor-row\">\n\t\t\t\t\t<div class=\"elementor-column elementor-col-100 elementor-top-column elementor-element elementor-element-b8211bf\" data-id=\"b8211bf\" data-element_type=\"column\" data-settings=\"{&quot;background_background&quot;:&quot;classic&quot;}\">\n\t\t\t<div class=\"elementor-column-wrap elementor-element-populated\">\n\t\t\t\t\t\t\t<div class=\"elementor-widget-wrap\">\n\t\t\t\t\t\t<div class=\"elementor-element elementor-element-a8976f8 elementor-widget elementor-widget-spacer\" data-id=\"a8976f8\" data-element_type=\"widget\" data-settings=\"{&quot;ekit_we_effect_on&quot;:&quot;none&quot;}\" data-widget_type=\"spacer.default\">\n\t\t\t\t<div class=\"elementor-widget-container\">\n\t\t\t\t\t<div class=\"elementor-spacer\">\n\t\t\t<div class=\"elementor-spacer-inner\"><\/div>\n\t\t<\/div>\n\t\t\t\t<\/div>\n\t\t\t\t<\/div>\n\t\t\t\t<div class=\"elementor-element elementor-element-da66d13 elementor-widget elementor-widget-spacer\" data-id=\"da66d13\" data-element_type=\"widget\" data-settings=\"{&quot;ekit_we_effect_on&quot;:&quot;none&quot;}\" data-widget_type=\"spacer.default\">\n\t\t\t\t<div class=\"elementor-widget-container\">\n\t\t\t\t\t<div class=\"elementor-spacer\">\n\t\t\t<div class=\"elementor-spacer-inner\"><\/div>\n\t\t<\/div>\n\t\t\t\t<\/div>\n\t\t\t\t<\/div>\n\t\t\t\t\t\t<\/div>\n\t\t\t\t\t<\/div>\n\t\t<\/div>\n\t\t\t\t\t\t\t\t<\/div>\n\t\t\t\t\t<\/div>\n\t\t<\/section>\n\t\t\t\t<section class=\"elementor-section elementor-top-section elementor-element elementor-element-b173c40 elementor-section-boxed elementor-section-height-default elementor-section-height-default\" data-id=\"b173c40\" data-element_type=\"section\" data-settings=\"{&quot;ekit_has_onepagescroll_dot&quot;:&quot;yes&quot;}\">\n\t\t\t\t\t\t<div class=\"elementor-container elementor-column-gap-default\">\n\t\t\t\t\t\t\t<div class=\"elementor-row\">\n\t\t\t\t\t<div class=\"elementor-column elementor-col-100 elementor-top-column elementor-element elementor-element-ee78d46\" data-id=\"ee78d46\" data-element_type=\"column\">\n\t\t\t<div class=\"elementor-column-wrap elementor-element-populated\">\n\t\t\t\t\t\t\t<div class=\"elementor-widget-wrap\">\n\t\t\t\t\t\t<div class=\"elementor-element elementor-element-21b89cf elementor-widget elementor-widget-text-editor\" data-id=\"21b89cf\" data-element_type=\"widget\" data-settings=\"{&quot;ekit_we_effect_on&quot;:&quot;none&quot;}\" data-widget_type=\"text-editor.default\">\n\t\t\t\t<div class=\"elementor-widget-container\">\n\t\t\t\t\t\t\t\t<div class=\"elementor-text-editor elementor-clearfix\">\n\t\t\t\t<p><strong>NIFTY by GenePlanet \u2013 neinvazivni predrojstveni test za odkrivanje genetskih nepravilnosti <\/strong><\/p><p>Nose\u010dnost je eno najbolj vznemirljivih obdobij v \u017eivljenju \u017eenske, ki prina\u0161a neizmerno sre\u010do, a tudi skrb za zdravje otroka.<\/p><p>S <strong>preprostim, varnim in zelo natan\u010dnim<\/strong> neinvazivnim predrojstvenim testom NIFTY by GenePlanet lahko bodo\u010da mamica \u017ee <strong>od 10. tedna nose\u010dnosti<\/strong> naprej preveri tveganje za razvoj genetskih nepravilnosti pri plodu.<\/p><p><strong>Kaj testira NIFTY by GenePlanet?<\/strong><\/p><p>NIFTY je <strong>najobse\u017enej\u0161i neinvazivni predrojstveni test (NIPT) na trgu<\/strong>. Test ugotavlja tveganje za prisotnost Downovega, Edwardsovega in Patauovega sindroma ter \u0161tevilne druge genetske nepravilnosti.<\/p><p>To omogo\u010da najnovej\u0161a tehnologija presejalnega testiranja, ki analizira vseh 46 otrokovih kromosomov.<\/p><p>NIFTY by GenePlanet testira genetske nepravilnosti:<\/p><ul><li>Downov (trisomija 21), Edwardsov (trisomija 18), Patauov sindrom (trisomija 13)<\/li><li>Anevploidije spolnih kromosomov<\/li><li>Sindromi delecij in duplikacij: 60 v paketu Plus, 92 v paketih Pro in Premium<\/li><li>Trisomije 9, 16 in 22<\/li><li>202 monogenske bolezni (v paketu Premium)<\/li><li>Vse druge trisomije, monosomije in delecije\/duplikacije, ve\u010dje od 5 Mbp, \u010de pacientka izbere naklju\u010dne najdbe<\/li><\/ul><p>Na \u017eeljo bodo\u010dih star\u0161ev lahko test NIFTY razkrije tudi spol otroka.<\/p><p><strong>Zakaj izbrati test NIFTY by GenePlanet?<\/strong><\/p><p><strong>Preprost in varen<\/strong><\/p><p>Test je 100-odstotno varen za otroka in zahteva le majhen vzorec krvi (10 ml) iz materine roke. Vzorci se analizirajo v kvalificiranem laboratoriju, rezultati pa so na voljo v 6\u201310 dneh (14 dni v primeru analize monogenskih bolezni).<\/p><p><strong>Zanesljiv<\/strong><\/p><p>Test je ve\u010d kot 99-odstotno zanesljiv za odkrivanje najpogostej\u0161ih trisomij, kar je potrdila najve\u010dja klini\u010dna validacijska \u0161tudija na svetu, ki je vklju\u010devala skoraj 147.000 nose\u010dnosti.<\/p><p><strong>Zaupanja vreden <\/strong><\/p><p>NIFTY je vodilni neinvazivni predrojstveni test (NIPT) na svetu in prvi, ki se je uveljavil v Sloveniji. Opravilo ga je \u017ee ve\u010d kot 16.000.000 mamic po svetu.<\/p><p><strong>\u00a0<\/strong><\/p><p><strong>Za koga je test NIFTY by GenePlanet primeren?<\/strong><\/p><p>Priporo\u010damo ga <strong>vsem nose\u010dnicam<\/strong>, ne glede na starost ali predhodno dolo\u010deno tveganje.<\/p><p>Test NIFTY je \u0161e posebej priporo\u010dljivo opraviti, ko:<\/p><ul><li>\u017eelite mirno nose\u010dnost,<\/li><li>spadate v skupino starej\u0161ih nose\u010dnic,<\/li><li>imate v dru\u017eini \u017ee prisotne kromosomske nepravilnosti,<\/li><li>imate povi\u0161ano tveganje na osnovi ultrazvo\u010dnega pregleda zgodnje morfologije in nuhalne svetline.<\/li><\/ul><p>Test NIFTY je primeren tudi za dvoplodne nose\u010dnosti, nose\u010dnosti po postopku oploditve z biomedicinsko pomo\u010djo in nose\u010dnosti z donirano jaj\u010dno celico.<\/p><p><strong>Mo\u017enosti testiranja:<\/strong><\/p>\t\t\t\t\t<\/div>\n\t\t\t\t\t\t<\/div>\n\t\t\t\t<\/div>\n\t\t\t\t<div class=\"elementor-element elementor-element-2c4557c elementor-widget elementor-widget-image\" data-id=\"2c4557c\" data-element_type=\"widget\" data-settings=\"{&quot;ekit_we_effect_on&quot;:&quot;none&quot;}\" data-widget_type=\"image.default\">\n\t\t\t\t<div class=\"elementor-widget-container\">\n\t\t\t\t\t\t\t\t<div class=\"elementor-image\">\n\t\t\t\t\t\t\t\t\t\t\t\t<img decoding=\"async\" width=\"939\" height=\"529\" src=\"https:\/\/medicinski-center.si\/wp-content\/uploads\/2025\/08\/Picture-1.png\" class=\"attachment-full size-full wp-image-7315\" alt=\"\" loading=\"lazy\" srcset=\"https:\/\/medicinski-center.si\/wp-content\/uploads\/2025\/08\/Picture-1.png 939w, https:\/\/medicinski-center.si\/wp-content\/uploads\/2025\/08\/Picture-1-300x169.png 300w, https:\/\/medicinski-center.si\/wp-content\/uploads\/2025\/08\/Picture-1-768x433.png 768w, https:\/\/medicinski-center.si\/wp-content\/uploads\/2025\/08\/Picture-1-18x10.png 18w\" sizes=\"(max-width: 939px) 100vw, 939px\" \/>\t\t\t\t\t\t\t\t\t\t\t\t\t\t<\/div>\n\t\t\t\t\t\t<\/div>\n\t\t\t\t<\/div>\n\t\t\t\t<div class=\"elementor-element elementor-element-5efc575 elementor-widget elementor-widget-text-editor\" data-id=\"5efc575\" data-element_type=\"widget\" data-settings=\"{&quot;ekit_we_effect_on&quot;:&quot;none&quot;}\" data-widget_type=\"text-editor.default\">\n\t\t\t\t<div class=\"elementor-widget-container\">\n\t\t\t\t\t\t\t\t<div class=\"elementor-text-editor elementor-clearfix\">\n\t\t\t\t<p><strong>Raz\u0161irjeni paket NIFTY: Dodaten test CF &amp; SMA Carrier<\/strong><\/p><p>Kot del raz\u0161irjenih paketov NIFTY by GenePlanet je na voljo test prena\u0161alstva CF &amp; SMA Carrier. Z njim nose\u010dnica preveri, ali je prena\u0161alka specifi\u010dnih genskih razli\u010dic za <strong>cisti\u010dno fibrozo (CF) ali spinalno mi\u0161i\u010dno atrofijo (SMA)<\/strong>. To sta dedni bolezni, ki se lahko kar s 25-odstotno verjetnostjo pojavita pri otroku, \u010de sta oba star\u0161a prena\u0161alca za isto bolezen.<\/p><p>Kako poteka test CF &amp; SMA Carrier?<\/p><ul><li>Izvede se iz istega krvnega vzorca kot test NIFTY.<\/li><li>Lahko se izvaja od 10. tedna nose\u010dnosti.<\/li><li>V izvidu bo navedeno, ali je mati prena\u0161alka testiranih genskih razli\u010dic, povezanih s CF in SMA, ali ne.<\/li><\/ul><p>Ve\u010d o testu NIFTY by GenePlanet si lahko preberete na: nipt-geneplanet.com\/sl.<\/p>\t\t\t\t\t<\/div>\n\t\t\t\t\t\t<\/div>\n\t\t\t\t<\/div>\n\t\t\t\t\t\t<\/div>\n\t\t\t\t\t<\/div>\n\t\t<\/div>\n\t\t\t\t\t\t\t\t<\/div>\n\t\t\t\t\t<\/div>\n\t\t<\/section>\n\t\t\t\t\t\t\t\t\t<\/div>\n\t\t\t<\/div>\n\t\t\t\t\t<\/div>","protected":false},"excerpt":{"rendered":"<p>NIFTY by GenePlanet \u2013 neinvazivni predrojstveni test za odkrivanje genetskih nepravilnosti Nose\u010dnost je eno najbolj vznemirljivih obdobij v \u017eivljenju \u017eenske, ki prina\u0161a neizmerno sre\u010do, a tudi skrb za zdravje otroka. S preprostim, varnim in zelo natan\u010dnim neinvazivnim predrojstvenim testom NIFTY by GenePlanet lahko bodo\u010da mamica \u017ee od 10. tedna nose\u010dnosti naprej preveri tveganje za razvoj [&hellip;]<\/p>","protected":false},"author":1,"featured_media":0,"parent":6510,"menu_order":0,"comment_status":"closed","ping_status":"closed","template":"","meta":[],"_links":{"self":[{"href":"https:\/\/medicinski-center.si\/de\/wp-json\/wp\/v2\/pages\/6529"}],"collection":[{"href":"https:\/\/medicinski-center.si\/de\/wp-json\/wp\/v2\/pages"}],"about":[{"href":"https:\/\/medicinski-center.si\/de\/wp-json\/wp\/v2\/types\/page"}],"author":[{"embeddable":true,"href":"https:\/\/medicinski-center.si\/de\/wp-json\/wp\/v2\/users\/1"}],"replies":[{"embeddable":true,"href":"https:\/\/medicinski-center.si\/de\/wp-json\/wp\/v2\/comments?post=6529"}],"version-history":[{"count":17,"href":"https:\/\/medicinski-center.si\/de\/wp-json\/wp\/v2\/pages\/6529\/revisions"}],"predecessor-version":[{"id":7318,"href":"https:\/\/medicinski-center.si\/de\/wp-json\/wp\/v2\/pages\/6529\/revisions\/7318"}],"up":[{"embeddable":true,"href":"https:\/\/medicinski-center.si\/de\/wp-json\/wp\/v2\/pages\/6510"}],"wp:attachment":[{"href":"https:\/\/medicinski-center.si\/de\/wp-json\/wp\/v2\/media?parent=6529"}],"curies":[{"name":"wp","href":"https:\/\/api.w.org\/{rel}","templated":true}]}}