{"id":6543,"date":"2021-09-30T10:25:37","date_gmt":"2021-09-30T10:25:37","guid":{"rendered":"https:\/\/medicinski-center.si\/?page_id=6543"},"modified":"2021-09-30T10:27:18","modified_gmt":"2021-09-30T10:27:18","slug":"harmony","status":"publish","type":"page","link":"https:\/\/medicinski-center.si\/de\/ginekolosko-porodniska-ambulanta\/prenatalni-testi\/harmony\/","title":{"rendered":"Harmony"},"content":{"rendered":"<div data-elementor-type=\"wp-page\" data-elementor-id=\"6543\" class=\"elementor elementor-6543\">\n\t\t\t\t\t\t<div class=\"elementor-inner\">\n\t\t\t\t<div class=\"elementor-section-wrap\">\n\t\t\t\t\t\t\t\t\t<section class=\"elementor-section elementor-top-section elementor-element elementor-element-20e9902 elementor-section-full_width elementor-section-stretched elementor-section-height-default elementor-section-height-default\" data-id=\"20e9902\" data-element_type=\"section\" data-settings=\"{&quot;stretch_section&quot;:&quot;section-stretched&quot;,&quot;background_background&quot;:&quot;classic&quot;,&quot;ekit_has_onepagescroll_dot&quot;:&quot;yes&quot;}\">\n\t\t\t\t\t\t<div class=\"elementor-container elementor-column-gap-default\">\n\t\t\t\t\t\t\t<div class=\"elementor-row\">\n\t\t\t\t\t<div class=\"elementor-column elementor-col-100 elementor-top-column elementor-element elementor-element-b8211bf\" data-id=\"b8211bf\" data-element_type=\"column\" data-settings=\"{&quot;background_background&quot;:&quot;classic&quot;}\">\n\t\t\t<div class=\"elementor-column-wrap elementor-element-populated\">\n\t\t\t\t\t\t\t<div class=\"elementor-widget-wrap\">\n\t\t\t\t\t\t<div class=\"elementor-element elementor-element-a8976f8 elementor-widget elementor-widget-spacer\" data-id=\"a8976f8\" data-element_type=\"widget\" data-settings=\"{&quot;ekit_we_effect_on&quot;:&quot;none&quot;}\" data-widget_type=\"spacer.default\">\n\t\t\t\t<div class=\"elementor-widget-container\">\n\t\t\t\t\t<div class=\"elementor-spacer\">\n\t\t\t<div class=\"elementor-spacer-inner\"><\/div>\n\t\t<\/div>\n\t\t\t\t<\/div>\n\t\t\t\t<\/div>\n\t\t\t\t<div class=\"elementor-element elementor-element-da66d13 elementor-widget elementor-widget-spacer\" data-id=\"da66d13\" data-element_type=\"widget\" data-settings=\"{&quot;ekit_we_effect_on&quot;:&quot;none&quot;}\" data-widget_type=\"spacer.default\">\n\t\t\t\t<div class=\"elementor-widget-container\">\n\t\t\t\t\t<div class=\"elementor-spacer\">\n\t\t\t<div class=\"elementor-spacer-inner\"><\/div>\n\t\t<\/div>\n\t\t\t\t<\/div>\n\t\t\t\t<\/div>\n\t\t\t\t\t\t<\/div>\n\t\t\t\t\t<\/div>\n\t\t<\/div>\n\t\t\t\t\t\t\t\t<\/div>\n\t\t\t\t\t<\/div>\n\t\t<\/section>\n\t\t\t\t<section class=\"elementor-section elementor-top-section elementor-element elementor-element-b173c40 elementor-section-boxed elementor-section-height-default elementor-section-height-default\" data-id=\"b173c40\" data-element_type=\"section\" data-settings=\"{&quot;ekit_has_onepagescroll_dot&quot;:&quot;yes&quot;}\">\n\t\t\t\t\t\t<div class=\"elementor-container elementor-column-gap-default\">\n\t\t\t\t\t\t\t<div class=\"elementor-row\">\n\t\t\t\t\t<div class=\"elementor-column elementor-col-100 elementor-top-column elementor-element elementor-element-ee78d46\" data-id=\"ee78d46\" data-element_type=\"column\">\n\t\t\t<div class=\"elementor-column-wrap elementor-element-populated\">\n\t\t\t\t\t\t\t<div class=\"elementor-widget-wrap\">\n\t\t\t\t\t\t<div class=\"elementor-element elementor-element-21b89cf elementor-widget elementor-widget-text-editor\" data-id=\"21b89cf\" data-element_type=\"widget\" data-settings=\"{&quot;ekit_we_effect_on&quot;:&quot;none&quot;}\" data-widget_type=\"text-editor.default\">\n\t\t\t\t<div class=\"elementor-widget-container\">\n\t\t\t\t\t\t\t\t<div class=\"elementor-text-editor elementor-clearfix\">\n\t\t\t\t<p>Harmony test je neinvazivni prenatalni presejalni test (NIPT), ki ga zaradi posebno oblikovane metode odlikuje izredno visoka stopnja odkrivanja in zelo nizka la\u017eno pozitivna stopnja. Test pregleduje vnaprej dolo\u010deno zaporedje genov, kar zmanj\u0161uje \u010das analize in stro\u0161ke testa.<\/p><p>Hkrati je analiza genske sekvence s Harmony testom veliko bolj natan\u010dna v primerjavi s konvencionalnimi presejalnimi metodami v prvem trimese\u010dju. Pred izvedbo Harmony testa se opravi predtestno svetovanje in podpi\u0161e privolitev. V posebno epruveto se odvzame 20 ml krvi. Epruveto s krvnim vzorcem v skladu s strogimi predpisi o transportu in shranjevanju se nato po\u0161lje v Cenata laboratorij (Nem\u010dija).<\/p>\t\t\t\t\t<\/div>\n\t\t\t\t\t\t<\/div>\n\t\t\t\t<\/div>\n\t\t\t\t<div class=\"elementor-element elementor-element-2c4557c elementor-widget elementor-widget-image\" data-id=\"2c4557c\" data-element_type=\"widget\" data-settings=\"{&quot;ekit_we_effect_on&quot;:&quot;none&quot;}\" data-widget_type=\"image.default\">\n\t\t\t\t<div class=\"elementor-widget-container\">\n\t\t\t\t\t\t\t\t<div class=\"elementor-image\">\n\t\t\t\t\t\t\t\t\t\t\t\t<img decoding=\"async\" width=\"870\" height=\"365\" src=\"https:\/\/medicinski-center.si\/wp-content\/uploads\/2021\/09\/harmony.jpg\" class=\"attachment-full size-full wp-image-6545\" alt=\"\" loading=\"lazy\" srcset=\"https:\/\/medicinski-center.si\/wp-content\/uploads\/2021\/09\/harmony.jpg 870w, https:\/\/medicinski-center.si\/wp-content\/uploads\/2021\/09\/harmony-300x126.jpg 300w, https:\/\/medicinski-center.si\/wp-content\/uploads\/2021\/09\/harmony-768x322.jpg 768w, https:\/\/medicinski-center.si\/wp-content\/uploads\/2021\/09\/harmony-18x8.jpg 18w\" sizes=\"(max-width: 870px) 100vw, 870px\" \/>\t\t\t\t\t\t\t\t\t\t\t\t\t\t<\/div>\n\t\t\t\t\t\t<\/div>\n\t\t\t\t<\/div>\n\t\t\t\t\t\t<\/div>\n\t\t\t\t\t<\/div>\n\t\t<\/div>\n\t\t\t\t\t\t\t\t<\/div>\n\t\t\t\t\t<\/div>\n\t\t<\/section>\n\t\t\t\t\t\t\t\t\t<\/div>\n\t\t\t<\/div>\n\t\t\t\t\t<\/div>","protected":false},"excerpt":{"rendered":"<p>Harmony test je neinvazivni prenatalni presejalni test (NIPT), ki ga zaradi posebno oblikovane metode odlikuje izredno visoka stopnja odkrivanja in zelo nizka la\u017eno pozitivna stopnja. Test pregleduje vnaprej dolo\u010deno zaporedje genov, kar zmanj\u0161uje \u010das analize in stro\u0161ke testa. Hkrati je analiza genske sekvence s Harmony testom veliko bolj natan\u010dna v primerjavi s konvencionalnimi presejalnimi metodami [&hellip;]<\/p>","protected":false},"author":1,"featured_media":0,"parent":6510,"menu_order":0,"comment_status":"closed","ping_status":"closed","template":"","meta":[],"_links":{"self":[{"href":"https:\/\/medicinski-center.si\/de\/wp-json\/wp\/v2\/pages\/6543"}],"collection":[{"href":"https:\/\/medicinski-center.si\/de\/wp-json\/wp\/v2\/pages"}],"about":[{"href":"https:\/\/medicinski-center.si\/de\/wp-json\/wp\/v2\/types\/page"}],"author":[{"embeddable":true,"href":"https:\/\/medicinski-center.si\/de\/wp-json\/wp\/v2\/users\/1"}],"replies":[{"embeddable":true,"href":"https:\/\/medicinski-center.si\/de\/wp-json\/wp\/v2\/comments?post=6543"}],"version-history":[{"count":4,"href":"https:\/\/medicinski-center.si\/de\/wp-json\/wp\/v2\/pages\/6543\/revisions"}],"predecessor-version":[{"id":6548,"href":"https:\/\/medicinski-center.si\/de\/wp-json\/wp\/v2\/pages\/6543\/revisions\/6548"}],"up":[{"embeddable":true,"href":"https:\/\/medicinski-center.si\/de\/wp-json\/wp\/v2\/pages\/6510"}],"wp:attachment":[{"href":"https:\/\/medicinski-center.si\/de\/wp-json\/wp\/v2\/media?parent=6543"}],"curies":[{"name":"wp","href":"https:\/\/api.w.org\/{rel}","templated":true}]}}