{"id":6615,"date":"2021-11-04T14:18:05","date_gmt":"2021-11-04T14:18:05","guid":{"rendered":"https:\/\/medicinski-center.si\/?page_id=6615"},"modified":"2025-12-09T11:32:02","modified_gmt":"2025-12-09T11:32:02","slug":"osebje","status":"publish","type":"page","link":"https:\/\/medicinski-center.si\/de\/osebje\/","title":{"rendered":"TEAM"},"content":{"rendered":"<div data-elementor-type=\"wp-page\" data-elementor-id=\"6615\" class=\"elementor elementor-6615\">\n\t\t\t\t\t\t<div class=\"elementor-inner\">\n\t\t\t\t<div class=\"elementor-section-wrap\">\n\t\t\t\t\t\t\t\t\t<section class=\"elementor-section elementor-top-section elementor-element elementor-element-8f85149 elementor-section-boxed elementor-section-height-default elementor-section-height-default\" data-id=\"8f85149\" data-element_type=\"section\" data-settings=\"{&quot;ekit_has_onepagescroll_dot&quot;:&quot;yes&quot;}\">\n\t\t\t\t\t\t<div class=\"elementor-container elementor-column-gap-default\">\n\t\t\t\t\t\t\t<div class=\"elementor-row\">\n\t\t\t\t\t<div class=\"elementor-column elementor-col-100 elementor-top-column elementor-element elementor-element-19d9898\" data-id=\"19d9898\" data-element_type=\"column\">\n\t\t\t<div class=\"elementor-column-wrap elementor-element-populated\">\n\t\t\t\t\t\t\t<div class=\"elementor-widget-wrap\">\n\t\t\t\t\t\t<div class=\"elementor-element elementor-element-4f4a0a5 elementor-widget elementor-widget-heading\" data-id=\"4f4a0a5\" data-element_type=\"widget\" data-settings=\"{&quot;ekit_we_effect_on&quot;:&quot;none&quot;}\" data-widget_type=\"heading.default\">\n\t\t\t\t<div class=\"elementor-widget-container\">\n\t\t\t<h2 class=\"elementor-heading-title elementor-size-default\">\u00c4RZTE<\/h2>\t\t<\/div>\n\t\t\t\t<\/div>\n\t\t\t\t<div class=\"elementor-element elementor-element-8db45c0 elementor-widget elementor-widget-medizco-doctors\" data-id=\"8db45c0\" data-element_type=\"widget\" data-settings=\"{&quot;ekit_we_effect_on&quot;:&quot;none&quot;}\" data-widget_type=\"medizco-doctors.default\">\n\t\t\t\t<div class=\"elementor-widget-container\">\n\t\t\t\n        <div class=\"medizco_doctors medizco_doctors_slider\" data-rtl=\"\">\n            \n<div class=\"doctor_box\">\n    <div class=\"doctor_box_img\">\n        <img width=\"693\" height=\"906\" src=\"https:\/\/medicinski-center.si\/wp-content\/uploads\/2021\/08\/doktor_mdc.jpg\" class=\"attachment-medium_large size-medium_large wp-post-image\" alt=\"\" decoding=\"async\" loading=\"lazy\" srcset=\"https:\/\/medicinski-center.si\/wp-content\/uploads\/2021\/08\/doktor_mdc.jpg 693w, https:\/\/medicinski-center.si\/wp-content\/uploads\/2021\/08\/doktor_mdc-229x300.jpg 229w\" sizes=\"(max-width: 693px) 100vw, 693px\" \/>                <ul class=\"doctor_box_social d-flex flex-column justify-content-end\">\n                        <li>\n                <a href=\"mailto:\" target=\"_blank\">\n                    <i class=\"fa fa-envelope-o\" style=\"color: #dd9933;\"><\/i>\n                    <span style=\"background-color: #dd9933;\">\n                        Email                    <\/span>\n                <\/a>\n            <\/li>\n                    <\/ul>\n            <\/div>\n\n    <!--     <div class=\"doctor_box_icon\">\n        <i class=\"fa fa-heartbeat doctor_box_icon_item\"><\/i>\n    <\/div>\n        array(5) {\n  [\"type\"]=>\n  string(9) \"icon-font\"\n  [\"icon-class\"]=>\n  string(15) \"fa fa-heartbeat\"\n  [\"icon-class-without-root\"]=>\n  string(12) \"fa-heartbeat\"\n  [\"pack-name\"]=>\n  string(12) \"font-awesome\"\n  [\"pack-css-uri\"]=>\n  string(114) \"https:\/\/medicinski-center.si\/wp-content\/plugins\/unyson\/framework\/static\/libs\/font-awesome\/css\/font-awesome.min.css\"\n}\n     -->\n\n        <div class=\"doctor_box_icon\">\n        <i class=\"fa fa-heartbeat doctor_box_icon_item\"><\/i>\n\n    <\/div>\n        \n\n    <div class=\"doctor_box_content\">\n        <h3 class=\"doctor_box_title\">Dr. Med. Primo\u017e Kova\u010di\u010d, Facharzt f\u00fcr Radiologie<\/h3>\n\n            <\/div>\n\n    <a href=\"https:\/\/medicinski-center.si\/de\/doctor\/primoz-kovacic-dr-med-spec-radiolog\/\" class=\"doctor_box_link\"><\/a>\n<\/div>\n        <\/div>\n        \t\t<\/div>\n\t\t\t\t<\/div>\n\t\t\t\t<div class=\"elementor-element elementor-element-56b81de elementor-widget elementor-widget-heading\" data-id=\"56b81de\" data-element_type=\"widget\" data-settings=\"{&quot;ekit_we_effect_on&quot;:&quot;none&quot;}\" data-widget_type=\"heading.default\">\n\t\t\t\t<div class=\"elementor-widget-container\">\n\t\t\t<h2 class=\"elementor-heading-title elementor-size-default\">Medicinske sestre<\/h2>\t\t<\/div>\n\t\t\t\t<\/div>\n\t\t\t\t<div class=\"elementor-element elementor-element-ac53240 elementor-widget elementor-widget-text-editor\" data-id=\"ac53240\" data-element_type=\"widget\" data-settings=\"{&quot;ekit_we_effect_on&quot;:&quot;none&quot;}\" data-widget_type=\"text-editor.default\">\n\t\t\t\t<div class=\"elementor-widget-container\">\n\t\t\t\t\t\t\t\t<div class=\"elementor-text-editor elementor-clearfix\">\n\t\t\t\t<p><strong>Monika Krivec, dipl. Krankenschwester<\/strong><\/p>\t\t\t\t\t<\/div>\n\t\t\t\t\t\t<\/div>\n\t\t\t\t<\/div>\n\t\t\t\t<div class=\"elementor-element elementor-element-45bb919 elementor-widget elementor-widget-heading\" data-id=\"45bb919\" data-element_type=\"widget\" data-settings=\"{&quot;ekit_we_effect_on&quot;:&quot;none&quot;}\" data-widget_type=\"heading.default\">\n\t\t\t\t<div class=\"elementor-widget-container\">\n\t\t\t<h2 class=\"elementor-heading-title elementor-size-default\">Vodja medicinskega centra<\/h2>\t\t<\/div>\n\t\t\t\t<\/div>\n\t\t\t\t<div class=\"elementor-element elementor-element-53dd2c6 elementor-widget elementor-widget-text-editor\" data-id=\"53dd2c6\" data-element_type=\"widget\" data-settings=\"{&quot;ekit_we_effect_on&quot;:&quot;none&quot;}\" data-widget_type=\"text-editor.default\">\n\t\t\t\t<div class=\"elementor-widget-container\">\n\t\t\t\t\t\t\t\t<div class=\"elementor-text-editor elementor-clearfix\">\n\t\t\t\t<p><strong>Vesna Klan\u010dnik, dipl. sprach. Vermittlerin (UN)<\/strong><\/p>\t\t\t\t\t<\/div>\n\t\t\t\t\t\t<\/div>\n\t\t\t\t<\/div>\n\t\t\t\t\t\t<\/div>\n\t\t\t\t\t<\/div>\n\t\t<\/div>\n\t\t\t\t\t\t\t\t<\/div>\n\t\t\t\t\t<\/div>\n\t\t<\/section>\n\t\t\t\t\t\t\t\t\t<\/div>\n\t\t\t<\/div>\n\t\t\t\t\t<\/div>","protected":false},"excerpt":{"rendered":"<p>Zdravniki email Zala Mravljak, dr. med., spec. dru\u017einske medicine Email Primo\u017e Kova\u010di\u010d, dr. med., spec. radiolog Email Ksenija Kardo\u0161 Mohorko, dr. med., spec. gin. in porod. Medicinske sestre Monika Krivec, dipl. med. sestra Vodja medicinskega centra Vesna Klan\u010dnik, dipl. jezik. posred. (UN)<\/p>","protected":false},"author":1,"featured_media":0,"parent":0,"menu_order":0,"comment_status":"closed","ping_status":"closed","template":"","meta":[],"_links":{"self":[{"href":"https:\/\/medicinski-center.si\/de\/wp-json\/wp\/v2\/pages\/6615"}],"collection":[{"href":"https:\/\/medicinski-center.si\/de\/wp-json\/wp\/v2\/pages"}],"about":[{"href":"https:\/\/medicinski-center.si\/de\/wp-json\/wp\/v2\/types\/page"}],"author":[{"embeddable":true,"href":"https:\/\/medicinski-center.si\/de\/wp-json\/wp\/v2\/users\/1"}],"replies":[{"embeddable":true,"href":"https:\/\/medicinski-center.si\/de\/wp-json\/wp\/v2\/comments?post=6615"}],"version-history":[{"count":16,"href":"https:\/\/medicinski-center.si\/de\/wp-json\/wp\/v2\/pages\/6615\/revisions"}],"predecessor-version":[{"id":7326,"href":"https:\/\/medicinski-center.si\/de\/wp-json\/wp\/v2\/pages\/6615\/revisions\/7326"}],"wp:attachment":[{"href":"https:\/\/medicinski-center.si\/de\/wp-json\/wp\/v2\/media?parent=6615"}],"curies":[{"name":"wp","href":"https:\/\/api.w.org\/{rel}","templated":true}]}}