{"id":6662,"date":"2021-11-06T06:06:20","date_gmt":"2021-11-06T06:06:20","guid":{"rendered":"https:\/\/medicinski-center.si\/?page_id=6662"},"modified":"2021-11-06T06:09:18","modified_gmt":"2021-11-06T06:09:18","slug":"piskotki","status":"publish","type":"page","link":"https:\/\/medicinski-center.si\/de\/piskotki\/","title":{"rendered":"Pi\u0161kotki"},"content":{"rendered":"<div data-elementor-type=\"wp-page\" data-elementor-id=\"6662\" class=\"elementor elementor-6662\">\n\t\t\t\t\t\t<div class=\"elementor-inner\">\n\t\t\t\t<div class=\"elementor-section-wrap\">\n\t\t\t\t\t\t\t\t\t<section class=\"elementor-section elementor-top-section elementor-element elementor-element-30fd824 elementor-section-boxed elementor-section-height-default elementor-section-height-default\" data-id=\"30fd824\" data-element_type=\"section\" data-settings=\"{&quot;ekit_has_onepagescroll_dot&quot;:&quot;yes&quot;}\">\n\t\t\t\t\t\t<div class=\"elementor-container elementor-column-gap-default\">\n\t\t\t\t\t\t\t<div class=\"elementor-row\">\n\t\t\t\t\t<div class=\"elementor-column elementor-col-100 elementor-top-column elementor-element elementor-element-06943c0\" data-id=\"06943c0\" data-element_type=\"column\">\n\t\t\t<div class=\"elementor-column-wrap elementor-element-populated\">\n\t\t\t\t\t\t\t<div class=\"elementor-widget-wrap\">\n\t\t\t\t\t\t<div class=\"elementor-element elementor-element-68f5bcb elementor-widget elementor-widget-heading\" data-id=\"68f5bcb\" data-element_type=\"widget\" data-settings=\"{&quot;ekit_we_effect_on&quot;:&quot;none&quot;}\" data-widget_type=\"heading.default\">\n\t\t\t\t<div class=\"elementor-widget-container\">\n\t\t\t<h2 class=\"elementor-heading-title elementor-size-default\">Pi\u0161kotki<\/h2>\t\t<\/div>\n\t\t\t\t<\/div>\n\t\t\t\t\t\t<\/div>\n\t\t\t\t\t<\/div>\n\t\t<\/div>\n\t\t\t\t\t\t\t\t<\/div>\n\t\t\t\t\t<\/div>\n\t\t<\/section>\n\t\t\t\t<section class=\"elementor-section elementor-top-section elementor-element elementor-element-a814d4f elementor-section-boxed elementor-section-height-default elementor-section-height-default\" data-id=\"a814d4f\" data-element_type=\"section\" data-settings=\"{&quot;ekit_has_onepagescroll_dot&quot;:&quot;yes&quot;}\">\n\t\t\t\t\t\t<div class=\"elementor-container elementor-column-gap-default\">\n\t\t\t\t\t\t\t<div class=\"elementor-row\">\n\t\t\t\t\t<div class=\"elementor-column elementor-col-100 elementor-top-column elementor-element elementor-element-9d18573\" data-id=\"9d18573\" data-element_type=\"column\">\n\t\t\t<div class=\"elementor-column-wrap elementor-element-populated\">\n\t\t\t\t\t\t\t<div class=\"elementor-widget-wrap\">\n\t\t\t\t\t\t<div class=\"elementor-element elementor-element-4fa35af elementor-widget elementor-widget-text-editor\" data-id=\"4fa35af\" data-element_type=\"widget\" data-settings=\"{&quot;ekit_we_effect_on&quot;:&quot;none&quot;}\" data-widget_type=\"text-editor.default\">\n\t\t\t\t<div class=\"elementor-widget-container\">\n\t\t\t\t\t\t\t\t<div class=\"elementor-text-editor elementor-clearfix\">\n\t\t\t\t<p><strong>Spremenjeni Zakon o elektronskih komunikacijah (Uradni list \u0161t. 109\/2012; v nadaljevanju ZEKom-1), ki je za\u010del veljati v za\u010detku leta 2013, je prinesel nova pravila glede uporabe pi\u0161kotkov in podobnih tehnologij za shranjevanje informacij ali dostop do informacij, shranjenih na ra\u010dunalniku ali mobilni napravi uporabnika. Pi\u0161kotni niso ni\u010d novega, zakon je posegel zgolj v na\u010din obve\u0161\u010danja in soglasja uporabnikov spletne strani glede njihove uporabe.<\/strong><\/p><p><strong>Kaj je pi\u0161kotek?<\/strong><\/p><p>Na\u0161a spletna stran lahko v brskalnik va\u0161ega ra\u010dunalnika odlo\u017ei tako imenovani \u00bbpi\u0161kotek\u00ab. Pi\u0161kotki so majhne besedilne datoteke, ki nam dajejo podatke o tem, kolikokrat posameznik obi\u0161\u010de na\u0161o stran in kaj ga zanima v teh obiskih. Pi\u0161kotki sami ne vsebujejo nobenih podatkov, ki bi omogo\u010dali identifikacijo posameznika, \u010de pa nam te podatke posredujete sami, na primer z registracijo, se ti lahko pove\u017eejo s podatki, ki so shranjeni v pi\u0161kotku.<\/p><p>Vedno imate mo\u017enost, da pi\u0161kotke sprejmete ali zavrnete. Ve\u010dina spletnih brskalnikov samodejno sprejme pi\u0161kotke, kar lahko spremenite v nastavitvah tako, da ra\u010dunalnik pi\u0161kotke zavrne ali pa da prejmete opozorilo, preden se pi\u0161kotek shrani.<\/p><p>Za informacije o nastavitvah pi\u0161kotkov kliknite na ime va\u0161ega brskalnika:<\/p><ul><li class=\"first-child\"><a href=\"http:\/\/support.mozilla.org\/sl\/kb\/Kako%20aktivirate%20in%20deaktivirate%20pi%C5%A1kote\" target=\"_blank\" rel=\"noopener\">Firefox<\/a><\/li><li><a href=\"https:\/\/support.google.com\/chrome\/answer\/95647?hl=sl-sl&amp;p=cpn_cookies\" target=\"_blank\" rel=\"noopener\">Chrome<\/a><\/li><li><a href=\"http:\/\/windows.microsoft.com\/sl-si\/windows-vista\/block-or-allow-cookies\" target=\"_blank\" rel=\"noopener\">Internet Explorer<\/a><\/li><li><a href=\"http:\/\/www.opera.com\/help\/tutorials\/security\/privacy\/\" target=\"_blank\" rel=\"noopener\">Opera<\/a><\/li><li class=\"last-child\"><a href=\"http:\/\/support.apple.com\/kb\/ph5042\" target=\"_blank\" rel=\"noopener\">Safari<\/a><\/li><\/ul><p><strong style=\"color: var( --e-global-color-text );\">\u00a0<\/strong><\/p><p><strong style=\"color: var( --e-global-color-text );\">Uporaba pi\u0161kotkov na na\u0161i spletni strani<\/strong><\/p><p>Na\u0161a spletna stran uporablja pi\u0161kotke, zato, da lahko izklju\u010dno za lastne potrebe, razlo\u010dujemo med obiskovalci in \u0161tejemo njihovo \u0161tevilo in tako izbolj\u0161ujemo delovanje strani. V ta namen uporabljamo najbolj raz\u0161irjeno orodje Google Analytics. Ve\u010d o Google Analytics pi\u0161kotkih si lahko preberete\u00a0<a href=\"https:\/\/developers.google.com\/analytics\/devguides\/collection\/analyticsjs\/cookie-usage\" target=\"_blank\" rel=\"noopener\">s klikom na to povezavo<\/a>.<\/p><p>Na\u0161a spletna stran uporablja tudi pi\u0161kotke, ki vam zagotavljajo bolj\u0161o uporabni\u0161ko izku\u0161njo s tem, da si zapomnijo va\u0161o prijavo ali registracijo na spletni strani, vnesene podatke v spletne obrazce, dodane izdelke v ko\u0161arico, zadnje ogledane izdelke in va\u0161e strinjanje z uporabo pi\u0161kotkov.<\/p><p>Podatkov, zbranih s pomo\u010djo pi\u0161kotkov, ne bomo posredovali tretjim osebam.<\/p><p>\u00a0<\/p><p><strong>Izklop spletnih pi\u0161kotkov<\/strong><\/p><p>Ker vam bo popoln izklop pi\u0161kotkov verjetno prinesel ve\u010d te\u017eav kot koristi, vam priporo\u010damo uporabo zasebnega okna. Poglejmo, kako lahko za\u010dasno ali stalno izklju\u010dimo pi\u0161kote v priljubljenih spletnih brskalnikih Internet Explorer, Chrome, Firefox, Opera in Safari.<\/p><p><strong>Za\u010dasen izklop spletnih pi\u0161kotov<\/strong><\/p><p><span style=\"color: var( --e-global-color-text ); font-weight: var( --e-global-typography-text-font-weight );\">Najhitrej\u0161i in najenostavnej\u0161i na\u010din za prepre\u010ditev shranjevanja spletnih pi\u0161kotov pri vseh spletnih brskalnikih je uporaba tako imenovanega \u00bbzasebnega okna\u00ab. Zasebno brskanje nam namre\u010d omogo\u010da, da lahko splet obiskujemo, ne da da bi spletni brskalnik pri tem shranjeval kakr\u0161nekoli informacije o straneh, ki smo jih obiskali.<\/span><\/p><p><strong>Internet Explorer 10<\/strong><br \/>Spletni brskalnik Internet Explorer zagotavlja brskanje na internetu brez pu\u0161\u010danja sledi preko funkcionalnosti imenovane \u00bbInPrivate\u00ab. To prikli\u010demo na na\u010din, da v brskalniku najprej pritisnimo tipko \u00bbAlt\u00ab. S tem se prika\u017ee menijska vrstica in v meniju \u00bbOrodja\u00ab spro\u017eimo ukaz \u00bbBrskanje InPrivate\u00ab. Na\u010din \u00bbInPrivate\u00ab lahko vklopimo tudi s pritiskom na kombinacijo tipk \u00bbCtrl + Shift + P\u00ab.<\/p><p><strong>Google Chrome 27<\/strong><br \/>Google Chrome prav tako omogo\u010da brskanje na internetu brez pu\u0161\u010danja sledi, za ta namen pa uporabimo funkcionalnost \u00bbNovo okno brez bele\u017eenja zgodovine\u00ab. Novo okno lahko vklju\u010dimo tudi s pritiskom na tipke \u00bbCtrl + Shift + N\u00ab.<\/p><p><strong>Mozilla Firefox 21<\/strong><br \/>Pri spletnem brskalniku Mozilla Firefox pa nam bo v pomo\u010d funkcionalnost \u00bbVklju\u010di zasebno brskanje\u00ab, ko jo prikli\u010demo na na\u010din, da najprej pritisnimo tipko \u00bbAlt\u00ab. S tem se prika\u017ee menijska vrstica in v meniju \u00bbOrodja\u00ab spro\u017eimo ukaz \u00bbVklju\u010di zasebno brskanje\u00ab. Ta na\u010din brskanja lahko vklopimo tudi s pritiskom na tipke \u00bbCtrl + Shift + P\u00ab.<\/p><p><strong>Apple Safari 6<\/strong><br \/>Apple Safari 6 ima tako kot ostali vodilni spletni brskalniki mo\u017enost deskanja po svetovnem spletu brez pu\u0161\u010danja sledi. To funkcionalnost vklju\u010dimo tako, da kliknemo na \u00bbNastavitve\u00ab in izberemo \u00bbPrivate browsing\u00ab. S pritiskom na gumb \u00bbOK\u00ab se nam bo desno v naslovni vrstici prikazala oznaka \u00bbPrivate\u00ab.<\/p><p><strong>Opera 12.15<\/strong><br \/>Pri spletnem brskalniku Opera 12.15 pa mo\u017enost deskanja po svetovnem spletu brez pu\u0161\u010danja sledi vklju\u010dimo tako, da najprej kliknemo na logotip spletnega brskalnika v zgornjem levem kotu. Tu poi\u0161\u010demo \u00bbTab and Windows\u00ab in izberemo \u00bbNew private Window\u00ab. Ta na\u010din brskanja lahko vklopimo tudi s pritiskom na tipke \u00bbCtrl + Shift + N\u00ab. S tem se nam bo odprlo okno, kjer bomo lahko brez skrbi deskali po svetovnem spletu.<\/p><p><strong>Trajni izklop spletnih pi\u0161kotov<\/strong><\/p><p>Spletni brskalniki Microsoft Internet Explorer, Google Chrome in Mozilla Firefox seveda omogo\u010dajo tudi trajni izklop spletnih pi\u0161kotov, pri \u010demer se moramo zavedati, da bomo s trajnim izklopom \/ izbrisom izgubili mo\u017enost ohranitve na\u0161ih osebnih nastavitev, statusa prijave, podatke o opravljenih spletnih nakupih in \u0161e mnogo ve\u010d, ter da strani ne bodo delovale pravilno oziroma boste prikraj\u0161ani za dodatne mo\u017enosti. Spletna mesta se bodo za name\u010dek nalagala malce po\u010dasneje, saj se bodo morale slike in vsi deli vsebine vsaki\u010d nalo\u017eiti od za\u010detka.<\/p><p><strong>Internet Explorer 10<\/strong><br \/>Za izklop pi\u0161kotov v spletnem brskalniku Internet Explorer kliknite na gumb \u00bbOrodja\u00ab in izberite zavihek \u00bbZasebnost\u00ab. Nato kliknite \u0161e na gumb \u00bbNapredno\u00ab ter obkljukajte mo\u017enost za onemogo\u010ditev samodejnega upravljanja s pi\u0161koti in obe vrednosti nastavite na \u00bbBlokiraj\u00ab. Izbiro potrdite s klikom na gumb \u00bbV redu\u00ab. \u017de shranjene pi\u0161kote pa lahko zbri\u0161emo s klikom na \u00bbOrodja\u00ab, gumb \u00bbBrisanje\u00ab in \u00bbIzbri\u0161i\u00ab.<\/p><p><strong>Google Chrome 27<\/strong><br \/>Omogo\u010danje pi\u0161kotkov v spletnem brskalniku Google Chrome opravimo s klikom na ikono menija Chrome, izbiro \u00bbNastavitve\u00ab, klikom na \u00bbPoka\u017ei dodatne nastavitve\u00ab na dnu strani ter izbiro \u00bbNastavitve vsebine\u00ab v razdelku \u00bbZasebnost\u00ab. Tu izberemo \u0161e mo\u017enost \u00bbBlokiraj pi\u0161kotke in podatke drugih spletnih mest\u00ab in kliknemo na gumb \u00bbKon\u010dano\u00ab. \u017de shranjene pi\u0161kote izbri\u0161emo s klikom na ikono menija Chrome, izbiremo \u00bbNastavitve\u00ab, kliknemo na \u00bbPoka\u017ei dodatne nastavitve\u00ab in v razdelku \u00bbZasebnost izberemo \u00bbIzbri\u0161i zgodovino brskanja\u00ab.<\/p><p><strong>Mozilla Firefox 21<\/strong><br \/>Pri spletnem brskalniku Mozilla Firefox pi\u0161kote izklju\u010dimo tako, da kliknemo na napis \u00bbFirefox\u00ab (desno zgoraj), izberemo \u00bbMo\u017enosti\u00ab in kliknemo na zavihek \u00bbZasebnost\u00ab. Nato v delu \u00bbZgodovina\u00ab v oknu \u00bbFirefox naj:\u00ab izberemo mo\u017enost \u00bbUporablja posebne nastavitve za zgodovino\u00ab ter odkljukamo mo\u017enost \u00bbDovoli stranem, da ustvarijo pi\u0161kote\u00ab. Po potrebi lahko vklju\u010dimo \u0161e mo\u017enost \u00bbVedno uporabljaj zasebno brskanje\u00ab. \u017de shranjene pi\u0161kote izbri\u0161emo s klikom na napis \u00bbFirefox\u00ab (desno zgoraj), izberemo \u00bbMo\u017enosti\u00ab in kliknemo na zavihek \u00bbZasebnost\u00ab. Nato v delu \u00bbZgodovina\u00ab v oknu \u00bbFirefox naj:\u00ab izberemo mo\u017enost \u00bbUporablja posebne nastavitve za zgodovino\u00ab, \u00bbPrika\u017ei pi\u0161kote\u00ab in \u00bbOdstrani vse pi\u0161kote\u00ab.<\/p><p><strong>Apple Safari 6<\/strong><br \/>Omogo\u010danje pi\u0161kotkov v spletnem brskalniku Apple Safari je nadvse enostavno, saj zado\u0161\u010da, da kliknemo na napis \u00bbSafari\u00ab, izberemo \u00bbPreferences\u00ab in poi\u0161\u010demo \u00bbPrivacy\u00ab. Nato v delu \u00bbBlock cookies\u00ab vklju\u010dimo to mo\u017enost in izbiro potrdimo s klikom na gumb \u00bbOK\u00ab. Shranjene pi\u0161kote pa izbri\u0161emo s klikom na napis \u00bbSafari\u00ab, izberemo \u00bbPreferences\u00ab in poi\u0161\u010demo \u00bbPrivacy\u00ab. Nato izberemo vse spletne strani in kliknemo na gumb \u00bbRemove All\u00ab.<\/p><p><strong>Opera 12.15<\/strong><br \/>Pri brskalniku Opera 12.15 spletne pi\u0161kote izklopimo na na\u010din, da najprej kliknemo na logotip spletnega brskalnika v zgornjem levem kotu, poi\u0161\u010demo \u00bbSettings\u00ab in izberemo \u00bbPreferences\u00ab. Nato v zavihku \u00bbAdvanced\u00ab poi\u0161\u010demo zavihek \u00bbCookies\u00ab in ozna\u010dimo mo\u017enost \u00bbNever accept cookies\u00ab. Izbiro potrdimo s pritiskom na gumb \u00bbOK\u00ab. Shranjene pi\u0161kote pa izbri\u0161emo s klikom na logotip spletnega brskalnika v zgornjem levem kotu, poi\u0161\u010demo \u00bbSettings\u00ab in izberemo \u00bbPreferences\u00ab. Nato v zavihku \u00bbAdvanced\u00ab poi\u0161\u010demo zavihek \u00bbCookies\u00ab in \u00bbDelete all cookies.<\/p>\t\t\t\t\t<\/div>\n\t\t\t\t\t\t<\/div>\n\t\t\t\t<\/div>\n\t\t\t\t\t\t<\/div>\n\t\t\t\t\t<\/div>\n\t\t<\/div>\n\t\t\t\t\t\t\t\t<\/div>\n\t\t\t\t\t<\/div>\n\t\t<\/section>\n\t\t\t\t\t\t\t\t\t<\/div>\n\t\t\t<\/div>\n\t\t\t\t\t<\/div>","protected":false},"excerpt":{"rendered":"<p>Pi\u0161kotki Spremenjeni Zakon o elektronskih komunikacijah (Uradni list \u0161t. 109\/2012; v nadaljevanju ZEKom-1), ki je za\u010del veljati v za\u010detku leta 2013, je prinesel nova pravila glede uporabe pi\u0161kotkov in podobnih tehnologij za shranjevanje informacij ali dostop do informacij, shranjenih na ra\u010dunalniku ali mobilni napravi uporabnika. Pi\u0161kotni niso ni\u010d novega, zakon je posegel zgolj v na\u010din [&hellip;]<\/p>","protected":false},"author":1,"featured_media":0,"parent":0,"menu_order":0,"comment_status":"closed","ping_status":"closed","template":"","meta":[],"_links":{"self":[{"href":"https:\/\/medicinski-center.si\/de\/wp-json\/wp\/v2\/pages\/6662"}],"collection":[{"href":"https:\/\/medicinski-center.si\/de\/wp-json\/wp\/v2\/pages"}],"about":[{"href":"https:\/\/medicinski-center.si\/de\/wp-json\/wp\/v2\/types\/page"}],"author":[{"embeddable":true,"href":"https:\/\/medicinski-center.si\/de\/wp-json\/wp\/v2\/users\/1"}],"replies":[{"embeddable":true,"href":"https:\/\/medicinski-center.si\/de\/wp-json\/wp\/v2\/comments?post=6662"}],"version-history":[{"count":7,"href":"https:\/\/medicinski-center.si\/de\/wp-json\/wp\/v2\/pages\/6662\/revisions"}],"predecessor-version":[{"id":6669,"href":"https:\/\/medicinski-center.si\/de\/wp-json\/wp\/v2\/pages\/6662\/revisions\/6669"}],"wp:attachment":[{"href":"https:\/\/medicinski-center.si\/de\/wp-json\/wp\/v2\/media?parent=6662"}],"curies":[{"name":"wp","href":"https:\/\/api.w.org\/{rel}","templated":true}]}}