{"id":6673,"date":"2021-11-06T06:19:48","date_gmt":"2021-11-06T06:19:48","guid":{"rendered":"https:\/\/medicinski-center.si\/?page_id=6673"},"modified":"2021-11-06T06:22:46","modified_gmt":"2021-11-06T06:22:46","slug":"pacientove-pravice","status":"publish","type":"page","link":"https:\/\/medicinski-center.si\/de\/pacientove-pravice\/","title":{"rendered":"Pacientove pravice"},"content":{"rendered":"<div data-elementor-type=\"wp-page\" data-elementor-id=\"6673\" class=\"elementor elementor-6673\">\n\t\t\t\t\t\t<div class=\"elementor-inner\">\n\t\t\t\t<div class=\"elementor-section-wrap\">\n\t\t\t\t\t\t\t\t\t<section class=\"elementor-section elementor-top-section elementor-element elementor-element-4a6e127 elementor-section-boxed elementor-section-height-default elementor-section-height-default\" data-id=\"4a6e127\" data-element_type=\"section\" data-settings=\"{&quot;ekit_has_onepagescroll_dot&quot;:&quot;yes&quot;}\">\n\t\t\t\t\t\t<div class=\"elementor-container elementor-column-gap-default\">\n\t\t\t\t\t\t\t<div class=\"elementor-row\">\n\t\t\t\t\t<div class=\"elementor-column elementor-col-100 elementor-top-column elementor-element elementor-element-dff1653\" data-id=\"dff1653\" data-element_type=\"column\">\n\t\t\t<div class=\"elementor-column-wrap elementor-element-populated\">\n\t\t\t\t\t\t\t<div class=\"elementor-widget-wrap\">\n\t\t\t\t\t\t<div class=\"elementor-element elementor-element-85baeef elementor-widget elementor-widget-heading\" data-id=\"85baeef\" data-element_type=\"widget\" data-settings=\"{&quot;ekit_we_effect_on&quot;:&quot;none&quot;}\" data-widget_type=\"heading.default\">\n\t\t\t\t<div class=\"elementor-widget-container\">\n\t\t\t<h2 class=\"elementor-heading-title elementor-size-default\">Pacientove pravice<\/h2>\t\t<\/div>\n\t\t\t\t<\/div>\n\t\t\t\t<div class=\"elementor-element elementor-element-26cb356 elementor-widget elementor-widget-text-editor\" data-id=\"26cb356\" data-element_type=\"widget\" data-settings=\"{&quot;ekit_we_effect_on&quot;:&quot;none&quot;}\" data-widget_type=\"text-editor.default\">\n\t\t\t\t<div class=\"elementor-widget-container\">\n\t\t\t\t\t\t\t\t<div class=\"elementor-text-editor elementor-clearfix\">\n\t\t\t\t<p>Za sprejemanje in obravnavo prve zahteve kr\u0161itve pacientovih pravic je imenovana pristojna oseba: Primo\u017e Kova\u010di\u010d, dr. med., specialist radiolog<\/p>\n<p>Pristojna oseba za sprejemanje in obravnavo zahteve za prvo obravnavo kr\u0161itve pacientovih pravic<br>Prva zahteva za varstvo pacientovih pravi se vlo\u017ei pisno na naslov MDC Ortolab medicinsko diagnosti\u010dni center d.o.o., Stari trg 27, 2380 Slovenj Gradec&nbsp;<span style=\"color: var( --e-global-color-text ); font-weight: var( --e-global-typography-text-font-weight );\">ali na email naslovu <a href=\"mailto:narocanje@medicinski-center.si\">narocanje@medicinski-center.si<\/a>.<\/span><\/p>\n<p>Zahteva se lahko vlo\u017ei tudi ustno na tel.: 040 803 077<\/p>\t\t\t\t\t<\/div>\n\t\t\t\t\t\t<\/div>\n\t\t\t\t<\/div>\n\t\t\t\t\t\t<\/div>\n\t\t\t\t\t<\/div>\n\t\t<\/div>\n\t\t\t\t\t\t\t\t<\/div>\n\t\t\t\t\t<\/div>\n\t\t<\/section>\n\t\t\t\t\t\t\t\t\t<\/div>\n\t\t\t<\/div>\n\t\t\t\t\t<\/div>","protected":false},"excerpt":{"rendered":"<p>Pacientove pravice Za sprejemanje in obravnavo prve zahteve kr\u0161itve pacientovih pravic je imenovana pristojna oseba: Primo\u017e Kova\u010di\u010d, dr. med., specialist radiolog Pristojna oseba za sprejemanje in obravnavo zahteve za prvo obravnavo kr\u0161itve pacientovih pravicPrva zahteva za varstvo pacientovih pravi se vlo\u017ei pisno na naslov MDC Ortolab medicinsko diagnosti\u010dni center d.o.o., Stari trg 27, 2380 Slovenj [&hellip;]<\/p>","protected":false},"author":1,"featured_media":0,"parent":0,"menu_order":0,"comment_status":"closed","ping_status":"closed","template":"","meta":[],"_links":{"self":[{"href":"https:\/\/medicinski-center.si\/de\/wp-json\/wp\/v2\/pages\/6673"}],"collection":[{"href":"https:\/\/medicinski-center.si\/de\/wp-json\/wp\/v2\/pages"}],"about":[{"href":"https:\/\/medicinski-center.si\/de\/wp-json\/wp\/v2\/types\/page"}],"author":[{"embeddable":true,"href":"https:\/\/medicinski-center.si\/de\/wp-json\/wp\/v2\/users\/1"}],"replies":[{"embeddable":true,"href":"https:\/\/medicinski-center.si\/de\/wp-json\/wp\/v2\/comments?post=6673"}],"version-history":[{"count":7,"href":"https:\/\/medicinski-center.si\/de\/wp-json\/wp\/v2\/pages\/6673\/revisions"}],"predecessor-version":[{"id":6680,"href":"https:\/\/medicinski-center.si\/de\/wp-json\/wp\/v2\/pages\/6673\/revisions\/6680"}],"wp:attachment":[{"href":"https:\/\/medicinski-center.si\/de\/wp-json\/wp\/v2\/media?parent=6673"}],"curies":[{"name":"wp","href":"https:\/\/api.w.org\/{rel}","templated":true}]}}