{"id":6729,"date":"2021-11-08T22:25:19","date_gmt":"2021-11-08T22:25:19","guid":{"rendered":"https:\/\/medicinski-center.si\/?page_id=6729"},"modified":"2026-03-02T06:57:59","modified_gmt":"2026-03-02T06:57:59","slug":"o-nas","status":"publish","type":"page","link":"https:\/\/medicinski-center.si\/de\/o-nas\/","title":{"rendered":"\u00dcBER UNS"},"content":{"rendered":"<div data-elementor-type=\"wp-page\" data-elementor-id=\"6729\" class=\"elementor elementor-6729\">\n\t\t\t\t\t\t<div class=\"elementor-inner\">\n\t\t\t\t<div class=\"elementor-section-wrap\">\n\t\t\t\t\t\t\t\t\t<section class=\"elementor-section elementor-top-section elementor-element elementor-element-5ccc3bf elementor-section-full_width elementor-section-height-default elementor-section-height-default\" data-id=\"5ccc3bf\" data-element_type=\"section\" data-settings=\"{&quot;background_background&quot;:&quot;classic&quot;,&quot;ekit_has_onepagescroll_dot&quot;:&quot;yes&quot;}\">\n\t\t\t\t\t\t<div class=\"elementor-container elementor-column-gap-default\">\n\t\t\t\t\t\t\t<div class=\"elementor-row\">\n\t\t\t\t\t<div class=\"elementor-column elementor-col-100 elementor-top-column elementor-element elementor-element-8cd84fa\" data-id=\"8cd84fa\" data-element_type=\"column\">\n\t\t\t<div class=\"elementor-column-wrap elementor-element-populated\">\n\t\t\t\t\t\t\t<div class=\"elementor-widget-wrap\">\n\t\t\t\t\t\t<div class=\"elementor-element elementor-element-5a8e352 elementor-widget elementor-widget-spacer\" data-id=\"5a8e352\" data-element_type=\"widget\" data-settings=\"{&quot;ekit_we_effect_on&quot;:&quot;none&quot;}\" data-widget_type=\"spacer.default\">\n\t\t\t\t<div class=\"elementor-widget-container\">\n\t\t\t\t\t<div class=\"elementor-spacer\">\n\t\t\t<div class=\"elementor-spacer-inner\"><\/div>\n\t\t<\/div>\n\t\t\t\t<\/div>\n\t\t\t\t<\/div>\n\t\t\t\t<div class=\"elementor-element elementor-element-73490da elementor-widget elementor-widget-heading\" data-id=\"73490da\" data-element_type=\"widget\" data-settings=\"{&quot;ekit_we_effect_on&quot;:&quot;none&quot;}\" data-widget_type=\"heading.default\">\n\t\t\t\t<div class=\"elementor-widget-container\">\n\t\t\t<h2 class=\"elementor-heading-title elementor-size-default\">\u00dcBER UNS<\/h2>\t\t<\/div>\n\t\t\t\t<\/div>\n\t\t\t\t<div class=\"elementor-element elementor-element-b1f2902 elementor-widget elementor-widget-spacer\" data-id=\"b1f2902\" data-element_type=\"widget\" data-settings=\"{&quot;ekit_we_effect_on&quot;:&quot;none&quot;}\" data-widget_type=\"spacer.default\">\n\t\t\t\t<div class=\"elementor-widget-container\">\n\t\t\t\t\t<div class=\"elementor-spacer\">\n\t\t\t<div class=\"elementor-spacer-inner\"><\/div>\n\t\t<\/div>\n\t\t\t\t<\/div>\n\t\t\t\t<\/div>\n\t\t\t\t\t\t<\/div>\n\t\t\t\t\t<\/div>\n\t\t<\/div>\n\t\t\t\t\t\t\t\t<\/div>\n\t\t\t\t\t<\/div>\n\t\t<\/section>\n\t\t\t\t<section class=\"elementor-section elementor-top-section elementor-element elementor-element-0c26e55 elementor-section-boxed elementor-section-height-default elementor-section-height-default\" data-id=\"0c26e55\" data-element_type=\"section\" data-settings=\"{&quot;ekit_has_onepagescroll_dot&quot;:&quot;yes&quot;}\">\n\t\t\t\t\t\t<div class=\"elementor-container elementor-column-gap-default\">\n\t\t\t\t\t\t\t<div class=\"elementor-row\">\n\t\t\t\t\t<div class=\"elementor-column elementor-col-100 elementor-top-column elementor-element elementor-element-f917ae9\" data-id=\"f917ae9\" data-element_type=\"column\">\n\t\t\t<div class=\"elementor-column-wrap elementor-element-populated\">\n\t\t\t\t\t\t\t<div class=\"elementor-widget-wrap\">\n\t\t\t\t\t\t<div class=\"elementor-element elementor-element-c9fefe0 elementor-widget elementor-widget-spacer\" data-id=\"c9fefe0\" data-element_type=\"widget\" data-settings=\"{&quot;ekit_we_effect_on&quot;:&quot;none&quot;}\" data-widget_type=\"spacer.default\">\n\t\t\t\t<div class=\"elementor-widget-container\">\n\t\t\t\t\t<div class=\"elementor-spacer\">\n\t\t\t<div class=\"elementor-spacer-inner\"><\/div>\n\t\t<\/div>\n\t\t\t\t<\/div>\n\t\t\t\t<\/div>\n\t\t\t\t<div class=\"elementor-element elementor-element-02bc5f9 elementor-widget elementor-widget-text-editor\" data-id=\"02bc5f9\" data-element_type=\"widget\" data-settings=\"{&quot;ekit_we_effect_on&quot;:&quot;none&quot;}\" data-widget_type=\"text-editor.default\">\n\t\t\t\t<div class=\"elementor-widget-container\">\n\t\t\t\t\t\t\t\t<div class=\"elementor-text-editor elementor-clearfix\">\n\t\t\t\t<p><em><b>Besondere Behandlung und pers\u00f6nliche Betreuung f\u00fcr alle unsere Patienten.<\/b><\/em><\/p><p>Seit 2012 bem\u00fchen wir uns, unsere Ambulanten zu Ihrem Weg zu Gesundheit und Wohlbefinden zu machen. Unser Ziel ist es, die Qualit\u00e4t und Sicherheit der Menschen durch moderne professionelle Ans\u00e4tze und medizinischer Techniken zu verbessern.<\/p><p>Wir f\u00fchren Ultraschalluntersuchungen, freundliche und professionelle medizinische Beratung und individuelle Betreuung im Bereich der Allgemeinchirurgie durch, kontrollieren Ihre Schwangerschaft mit Ultraschalldiagnostik und f\u00fchren kurative und pr\u00e4ventive medizinische Untersuchungen innerhalb der Klinik f\u00fcr Innere Medizin durch.<\/p><p>Top-Spezialisten,\u00a0<strong>moderne Technik<\/strong>, kontinuierliche<strong>\u00a0Weiterbildung sind der Grund, warum viele Patienten uns seit vielen Jahren vertrauen.<\/strong><\/p><p><em>Wenn die Zahlung der Untersuchung von der Versicherung \u00fcbernommen wird<\/em><\/p><p>Der Medicinsko diagnosti\u010dni center Ortolab ist ein \u00e4u\u00dferer Auftragnehmer f\u00fcr fach\u00e4rztliche Untersuchungen von vier Versicherungen, die Ihnen im Rahmen einer Krankenzusatzversicherung medizinische Behandlungen im Bereich der Radiologie und Gef\u00e4\u00dfchirurgie zur Verf\u00fcgung stellt.<\/p><p>Mit der entsprechenden Krankenzusatzversicherung k\u00f6nnen Versicherungen bestimmte Privatuntersuchungen abdecken und so Ihre gesundheitlichen Probleme schnell und effizient l\u00f6sen.<\/p><p>Medicinsko diagnosti\u010dni center Ortolab kooperiert mit folgenden Versicherungen:<\/p><ul><li>Triglav zdravstvena zavarovalnica<\/li><li>Generali<\/li><li>Prva zdravstvena asistenca (Doktor 24 asistenca)<\/li><li>Vzajemna zdravstvena zavarovalnica<\/li><li>Zavarovalnica Sava<\/li><\/ul>\t\t\t\t\t<\/div>\n\t\t\t\t\t\t<\/div>\n\t\t\t\t<\/div>\n\t\t\t\t\t\t<\/div>\n\t\t\t\t\t<\/div>\n\t\t<\/div>\n\t\t\t\t\t\t\t\t<\/div>\n\t\t\t\t\t<\/div>\n\t\t<\/section>\n\t\t\t\t\t\t\t\t\t<\/div>\n\t\t\t<\/div>\n\t\t\t\t\t<\/div>","protected":false},"excerpt":{"rendered":"<p>O nas Posebna obravnava in osebni pristop za vse na\u0161e paciente. Od leta 2012 se trudimo, da so na\u0161e ambulante va\u0161a pot do zdravja in dobrega po\u010dutja. Na\u0161 cilj je izbolj\u0161ati kakovost in varnost \u017eivljenja ljudi s pravo\u010dasnim uveljavljanjem sodobnih strokovnih pristopov ter medicinskih tehnik. Izvajamo ultrazvo\u010dne preiskave, prijazna in strokovna zdravstvena svetovanja ter nudimo [&hellip;]<\/p>","protected":false},"author":1,"featured_media":0,"parent":0,"menu_order":0,"comment_status":"closed","ping_status":"closed","template":"","meta":[],"_links":{"self":[{"href":"https:\/\/medicinski-center.si\/de\/wp-json\/wp\/v2\/pages\/6729"}],"collection":[{"href":"https:\/\/medicinski-center.si\/de\/wp-json\/wp\/v2\/pages"}],"about":[{"href":"https:\/\/medicinski-center.si\/de\/wp-json\/wp\/v2\/types\/page"}],"author":[{"embeddable":true,"href":"https:\/\/medicinski-center.si\/de\/wp-json\/wp\/v2\/users\/1"}],"replies":[{"embeddable":true,"href":"https:\/\/medicinski-center.si\/de\/wp-json\/wp\/v2\/comments?post=6729"}],"version-history":[{"count":10,"href":"https:\/\/medicinski-center.si\/de\/wp-json\/wp\/v2\/pages\/6729\/revisions"}],"predecessor-version":[{"id":7347,"href":"https:\/\/medicinski-center.si\/de\/wp-json\/wp\/v2\/pages\/6729\/revisions\/7347"}],"wp:attachment":[{"href":"https:\/\/medicinski-center.si\/de\/wp-json\/wp\/v2\/media?parent=6729"}],"curies":[{"name":"wp","href":"https:\/\/api.w.org\/{rel}","templated":true}]}}