{"id":6876,"date":"2021-12-06T10:09:58","date_gmt":"2021-12-06T10:09:58","guid":{"rendered":"https:\/\/medicinski-center.si\/?page_id=6876"},"modified":"2025-08-07T08:45:51","modified_gmt":"2025-08-07T08:45:51","slug":"aktualno","status":"publish","type":"page","link":"https:\/\/medicinski-center.si\/de\/aktualno\/","title":{"rendered":"AKTUELLES"},"content":{"rendered":"<p>Z veseljem sporo\u010damo, da smo raz\u0161irili svojo ponudbo neinvazivnih predrojstvenih testov NIFTY by GenePlanet! V na\u0161i kliniki vam je sedaj na voljo tudi <span style=\"color: #33cccc;\"><strong>paket Pro<\/strong><\/span>, \u0161e bolj celovita razli\u010dica testa NIFTY by GenePlanet.<\/p>\n<p>Kaj je novega?<\/p>\n<p>Poleg vseh testiranih nepravilnosti, \u017ee vklju\u010denih v druge NIFTY pakete:<\/p>\n<ul>\n<li>najpogostej\u0161e trisomije (Downov \u2013 trisomija 21, Edwardsov \u2013 trisomija 18 in Patauov sindrom \u2013 trisomija 13),<\/li>\n<li>trisomije 9, 16 in 22,<\/li>\n<li>anevploidije spolnih kromosomov,<\/li>\n<\/ul>\n<p>NIFTY Pro testira za kar <strong><span style=\"color: #33cccc;\">92 sindromov delecij in duplikacij<\/span><\/strong>. Zazna torej naj\u0161ir\u0161i spekter kromosomskih nepravilnosti na trgu.<\/p>\n<p>Poleg tega vklju\u010duje tudi vse druge trisomije, monosomije in delecije\/duplikacije ve\u010dje od 5 Mbp, \u010de se strinjate s poro\u010danjem naklju\u010dnih najdb. Na va\u0161o \u017eeljo lahko razkrije tudi spol otroka.<\/p>\n<p>Zagotovite si mirno nose\u010dnost s testom NIFTY by GenePlanet Pro.<\/p>\n<p><img decoding=\"async\" loading=\"lazy\" class=\"alignnone size-medium wp-image-7264\" src=\"https:\/\/medicinski-center.si\/wp-content\/uploads\/2019\/08\/NIFT-PRO-300x300.png\" alt=\"\" width=\"300\" height=\"300\" srcset=\"https:\/\/medicinski-center.si\/wp-content\/uploads\/2019\/08\/NIFT-PRO-300x300.png 300w, https:\/\/medicinski-center.si\/wp-content\/uploads\/2019\/08\/NIFT-PRO-150x150.png 150w, https:\/\/medicinski-center.si\/wp-content\/uploads\/2019\/08\/NIFT-PRO-768x768.png 768w, https:\/\/medicinski-center.si\/wp-content\/uploads\/2019\/08\/NIFT-PRO-12x12.png 12w, https:\/\/medicinski-center.si\/wp-content\/uploads\/2019\/08\/NIFT-PRO.png 897w\" sizes=\"(max-width: 300px) 100vw, 300px\" \/><\/p>","protected":false},"excerpt":{"rendered":"<p>Z veseljem sporo\u010damo, da smo raz\u0161irili svojo ponudbo neinvazivnih predrojstvenih testov NIFTY by GenePlanet! V na\u0161i kliniki vam je sedaj na voljo tudi paket Pro, \u0161e bolj celovita razli\u010dica testa NIFTY by GenePlanet. Kaj je novega? Poleg vseh testiranih nepravilnosti, \u017ee vklju\u010denih v druge NIFTY pakete: najpogostej\u0161e trisomije (Downov \u2013 trisomija 21, Edwardsov \u2013 trisomija [&hellip;]<\/p>","protected":false},"author":2,"featured_media":0,"parent":0,"menu_order":0,"comment_status":"closed","ping_status":"closed","template":"","meta":[],"_links":{"self":[{"href":"https:\/\/medicinski-center.si\/de\/wp-json\/wp\/v2\/pages\/6876"}],"collection":[{"href":"https:\/\/medicinski-center.si\/de\/wp-json\/wp\/v2\/pages"}],"about":[{"href":"https:\/\/medicinski-center.si\/de\/wp-json\/wp\/v2\/types\/page"}],"author":[{"embeddable":true,"href":"https:\/\/medicinski-center.si\/de\/wp-json\/wp\/v2\/users\/2"}],"replies":[{"embeddable":true,"href":"https:\/\/medicinski-center.si\/de\/wp-json\/wp\/v2\/comments?post=6876"}],"version-history":[{"count":34,"href":"https:\/\/medicinski-center.si\/de\/wp-json\/wp\/v2\/pages\/6876\/revisions"}],"predecessor-version":[{"id":7288,"href":"https:\/\/medicinski-center.si\/de\/wp-json\/wp\/v2\/pages\/6876\/revisions\/7288"}],"wp:attachment":[{"href":"https:\/\/medicinski-center.si\/de\/wp-json\/wp\/v2\/media?parent=6876"}],"curies":[{"name":"wp","href":"https:\/\/api.w.org\/{rel}","templated":true}]}}