{"id":7305,"date":"2025-08-11T05:11:20","date_gmt":"2025-08-11T05:11:20","guid":{"rendered":"https:\/\/medicinski-center.si\/?page_id=7305"},"modified":"2025-08-11T05:11:22","modified_gmt":"2025-08-11T05:11:22","slug":"politika-zasebnosti","status":"publish","type":"page","link":"https:\/\/medicinski-center.si\/de\/politika-zasebnosti\/","title":{"rendered":"Politika zasebnosti"},"content":{"rendered":"<p><strong>Splo\u0161ni pogoji delovanja in uporabe spleti\u0161\u010da podjetja MDC Ortolab d.o.o.<\/strong><\/p>\n\n\n\n<p>S tem pravnim obvestilom podjetje MDC Ortolab d.o.o. obve\u0161\u010da svoje stranke in obiskovalce o splo\u0161nih informacijah in pogojih uporabe spleti\u0161\u010da&nbsp;<strong><a href=\"https:\/\/medicinski-center.si\/de\/\" target=\"_blank\" rel=\"noreferrer noopener\">www.medicinski-center.si<\/a><\/strong>. Spleti\u0161\u010de podjetja MDC Ortolab d.o.o. uporabljate prostovoljno in na lastno odgovornost. Pojem \u00bblastnik spleti\u0161\u010da\u00ab, \u00bbupravljavec osebnih podatkov\u00ab oziroma \u00bbupravljalec\u00ab pomeni dru\u017ebo:<\/p>\n\n\n\n<p><strong>MDC Ortolab Medicinsko diagnosti\u010dni center Ortolab d.o.o., Stari trg 27, 2380 Slovenj Gradec.<\/strong><\/p>\n\n\n\n<p><strong>Izrazi<\/strong><\/p>\n\n\n\n<ul>\n<li><strong>Obiskovalec<\/strong>&nbsp;pomeni osebo, ki obi\u0161\u010de spleti\u0161\u010de podjetja MDC Ortolab d.o.o.<\/li>\n<\/ul>\n\n\n\n<hr class=\"wp-block-separator has-alpha-channel-opacity\"\/>\n\n\n\n<p><strong>Splo\u0161ni pogoji delovanja<\/strong><\/p>\n\n\n\n<p>Z vstopom na spleti\u0161\u010de podjetja MDC Ortolab d.o.o. in njegovo uporabo se obiskovalec strinja, da je bil seznanjen s temi splo\u0161nimi pogoji uporabe ter jih z uporabo spleti\u0161\u010da tudi sprejema in potrjuje.<\/p>\n\n\n\n<hr class=\"wp-block-separator has-alpha-channel-opacity\"\/>\n\n\n\n<p><strong>To\u010dnost podatkov in omejitev odgovornosti<\/strong><\/p>\n\n\n\n<p>Upravljavec si bo prizadeval zagotavljati to\u010dne podatke, vendar ne jam\u010di za njihovo popolnost ali brezhibnost. Vsebine spleti\u0161\u010da so informativne narave.<\/p>\n\n\n\n<p>Upravljavec ne odgovarja za:<\/p>\n\n\n\n<ul>\n<li>ob\u010dasno nedelovanje spletne strani,<\/li>\n\n\n\n<li>morebitno \u0161kodo zaradi uporabe neto\u010dnih informacij,<\/li>\n\n\n\n<li>vsebine na zunanjih povezavah, ki niso pod njegovim nadzorom.<\/li>\n<\/ul>","protected":false},"excerpt":{"rendered":"<p>Splo\u0161ni pogoji delovanja in uporabe spleti\u0161\u010da podjetja MDC Ortolab d.o.o. S tem pravnim obvestilom podjetje MDC Ortolab d.o.o. obve\u0161\u010da svoje stranke in obiskovalce o splo\u0161nih informacijah in pogojih uporabe spleti\u0161\u010da&nbsp;www.medicinski-center.si. Spleti\u0161\u010de podjetja MDC Ortolab d.o.o. uporabljate prostovoljno in na lastno odgovornost. Pojem \u00bblastnik spleti\u0161\u010da\u00ab, \u00bbupravljavec osebnih podatkov\u00ab oziroma \u00bbupravljalec\u00ab pomeni dru\u017ebo: MDC Ortolab Medicinsko diagnosti\u010dni [&hellip;]<\/p>","protected":false},"author":1,"featured_media":0,"parent":0,"menu_order":0,"comment_status":"closed","ping_status":"closed","template":"","meta":[],"_links":{"self":[{"href":"https:\/\/medicinski-center.si\/de\/wp-json\/wp\/v2\/pages\/7305"}],"collection":[{"href":"https:\/\/medicinski-center.si\/de\/wp-json\/wp\/v2\/pages"}],"about":[{"href":"https:\/\/medicinski-center.si\/de\/wp-json\/wp\/v2\/types\/page"}],"author":[{"embeddable":true,"href":"https:\/\/medicinski-center.si\/de\/wp-json\/wp\/v2\/users\/1"}],"replies":[{"embeddable":true,"href":"https:\/\/medicinski-center.si\/de\/wp-json\/wp\/v2\/comments?post=7305"}],"version-history":[{"count":1,"href":"https:\/\/medicinski-center.si\/de\/wp-json\/wp\/v2\/pages\/7305\/revisions"}],"predecessor-version":[{"id":7306,"href":"https:\/\/medicinski-center.si\/de\/wp-json\/wp\/v2\/pages\/7305\/revisions\/7306"}],"wp:attachment":[{"href":"https:\/\/medicinski-center.si\/de\/wp-json\/wp\/v2\/media?parent=7305"}],"curies":[{"name":"wp","href":"https:\/\/api.w.org\/{rel}","templated":true}]}}