{"id":7307,"date":"2025-08-11T05:11:48","date_gmt":"2025-08-11T05:11:48","guid":{"rendered":"https:\/\/medicinski-center.si\/?page_id=7307"},"modified":"2025-08-11T05:11:50","modified_gmt":"2025-08-11T05:11:50","slug":"avtorske-pravice","status":"publish","type":"page","link":"https:\/\/medicinski-center.si\/de\/avtorske-pravice\/","title":{"rendered":"<strong>Avtorske pravice<\/strong>"},"content":{"rendered":"<p>Vsebina spleti\u0161\u010da je avtorsko za\u0161\u010ditena. Brez predhodnega pisnega soglasja MDC Ortolab d.o.o. je prepovedano:<\/p>\n\n\n\n<ul>\n<li>kopiranje,<\/li>\n\n\n\n<li>razmno\u017eevanje,<\/li>\n\n\n\n<li>objavljanje ali druga\u010dno razpolaganje z vsebinami.<\/li>\n<\/ul>","protected":false},"excerpt":{"rendered":"<p>Vsebina spleti\u0161\u010da je avtorsko za\u0161\u010ditena. Brez predhodnega pisnega soglasja MDC Ortolab d.o.o. je prepovedano:<\/p>","protected":false},"author":1,"featured_media":0,"parent":0,"menu_order":0,"comment_status":"closed","ping_status":"closed","template":"","meta":[],"_links":{"self":[{"href":"https:\/\/medicinski-center.si\/de\/wp-json\/wp\/v2\/pages\/7307"}],"collection":[{"href":"https:\/\/medicinski-center.si\/de\/wp-json\/wp\/v2\/pages"}],"about":[{"href":"https:\/\/medicinski-center.si\/de\/wp-json\/wp\/v2\/types\/page"}],"author":[{"embeddable":true,"href":"https:\/\/medicinski-center.si\/de\/wp-json\/wp\/v2\/users\/1"}],"replies":[{"embeddable":true,"href":"https:\/\/medicinski-center.si\/de\/wp-json\/wp\/v2\/comments?post=7307"}],"version-history":[{"count":1,"href":"https:\/\/medicinski-center.si\/de\/wp-json\/wp\/v2\/pages\/7307\/revisions"}],"predecessor-version":[{"id":7308,"href":"https:\/\/medicinski-center.si\/de\/wp-json\/wp\/v2\/pages\/7307\/revisions\/7308"}],"wp:attachment":[{"href":"https:\/\/medicinski-center.si\/de\/wp-json\/wp\/v2\/media?parent=7307"}],"curies":[{"name":"wp","href":"https:\/\/api.w.org\/{rel}","templated":true}]}}